{"id":7047,"date":"2026-01-25T13:51:38","date_gmt":"2026-01-25T13:51:38","guid":{"rendered":"https:\/\/storzum-invest.com\/businessplaene\/"},"modified":"2026-02-02T18:46:45","modified_gmt":"2026-02-02T18:46:45","slug":"businessplaene","status":"publish","type":"page","link":"https:\/\/storzum-invest.com\/de\/businessplaene\/","title":{"rendered":"Businesspl\u00e4ne"},"content":{"rendered":"\t\t<div data-elementor-type=\"wp-page\" data-elementor-id=\"7047\" class=\"elementor elementor-7047 elementor-6793\">\n\t\t\t\t<div class=\"elementor-element elementor-element-5702346 e-flex e-con-boxed e-con e-parent\" data-id=\"5702346\" data-element_type=\"container\" data-e-type=\"container\">\n\t\t\t\t\t<div class=\"e-con-inner\">\n\t\t<div class=\"elementor-element elementor-element-094eaf4 e-con-full e-flex e-con e-child\" data-id=\"094eaf4\" data-element_type=\"container\" data-e-type=\"container\">\n\t\t\t\t<div class=\"elementor-element elementor-element-b92bf70 elementor-widget elementor-widget-tj-heading\" data-id=\"b92bf70\" data-element_type=\"widget\" data-e-type=\"widget\" data-widget_type=\"tj-heading.default\">\n\t\t\t\t<div class=\"elementor-widget-container\">\n\t\t\t\t\t    <div class=\"tj_heading\">\n      <h2 class=\"title\">  - Businesspl\u00e4ne<\/h2>    <\/div>\n\t\t\t\t<\/div>\n\t\t\t\t<\/div>\n\t\t\t\t<\/div>\n\t\t<div class=\"elementor-element elementor-element-90dc244 e-con-full e-flex e-con e-child\" data-id=\"90dc244\" data-element_type=\"container\" data-e-type=\"container\">\n\t\t\t\t<div class=\"elementor-element elementor-element-94632c8 elementor-widget elementor-widget-image\" data-id=\"94632c8\" data-element_type=\"widget\" data-e-type=\"widget\" data-widget_type=\"image.default\">\n\t\t\t\t\t\t\t\t\t\t\t\t\t\t\t<img fetchpriority=\"high\" decoding=\"async\" width=\"598\" height=\"148\" src=\"https:\/\/storzum-invest.com\/wp-content\/uploads\/2025\/05\/primary-logo-b.png\" class=\"attachment-large size-large wp-image-6699\" alt=\"\" srcset=\"https:\/\/storzum-invest.com\/wp-content\/uploads\/2025\/05\/primary-logo-b.png 598w, https:\/\/storzum-invest.com\/wp-content\/uploads\/2025\/05\/primary-logo-b-300x74.png 300w\" sizes=\"(max-width: 598px) 100vw, 598px\" \/>\t\t\t\t\t\t\t\t\t\t\t\t\t\t\t<\/div>\n\t\t\t\t<\/div>\n\t\t<div class=\"elementor-element elementor-element-ed3a32b e-con-full e-flex e-con e-child\" data-id=\"ed3a32b\" data-element_type=\"container\" data-e-type=\"container\">\n\t\t\t\t<div class=\"elementor-element elementor-element-b3233ed elementor-widget elementor-widget-image\" data-id=\"b3233ed\" data-element_type=\"widget\" data-e-type=\"widget\" data-widget_type=\"image.default\">\n\t\t\t\t\t\t\t\t\t\t\t\t\t\t\t<img decoding=\"async\" width=\"840\" height=\"1024\" src=\"https:\/\/storzum-invest.com\/wp-content\/uploads\/2026\/01\/gallery-img-4-840x1024.webp\" class=\"attachment-large size-large wp-image-6391\" alt=\"\" srcset=\"https:\/\/storzum-invest.com\/wp-content\/uploads\/2026\/01\/gallery-img-4-840x1024.webp 840w, https:\/\/storzum-invest.com\/wp-content\/uploads\/2026\/01\/gallery-img-4-246x300.webp 246w, https:\/\/storzum-invest.com\/wp-content\/uploads\/2026\/01\/gallery-img-4-768x936.webp 768w, https:\/\/storzum-invest.com\/wp-content\/uploads\/2026\/01\/gallery-img-4-600x731.webp 600w, https:\/\/storzum-invest.com\/wp-content\/uploads\/2026\/01\/gallery-img-4.webp 1260w\" sizes=\"(max-width: 840px) 100vw, 840px\" \/>\t\t\t\t\t\t\t\t\t\t\t\t\t\t\t<\/div>\n\t\t\t\t<div class=\"elementor-element elementor-element-b1851e2 elementor-widget elementor-widget-image\" data-id=\"b1851e2\" data-element_type=\"widget\" data-e-type=\"widget\" data-widget_type=\"image.default\">\n\t\t\t\t\t\t\t\t\t\t\t\t\t\t\t<img decoding=\"async\" width=\"220\" height=\"119\" src=\"https:\/\/storzum-invest.com\/wp-content\/uploads\/2025\/05\/h6-team-shape.svg\" class=\"attachment-large size-large wp-image-2839\" alt=\"\" \/>\t\t\t\t\t\t\t\t\t\t\t\t\t\t\t<\/div>\n\t\t\t\t<\/div>\n\t\t<div class=\"elementor-element elementor-element-27d0b87 e-con-full e-flex e-con e-child\" data-id=\"27d0b87\" data-element_type=\"container\" data-e-type=\"container\">\n\t\t\t\t<div class=\"elementor-element elementor-element-64a3405 elementor-widget elementor-widget-heading\" data-id=\"64a3405\" data-element_type=\"widget\" data-e-type=\"widget\" data-widget_type=\"heading.default\">\n\t\t\t\t\t<h3 class=\"elementor-heading-title elementor-size-default\">Strukturierte Businesspl\u00e4ne mit belastbaren Analysen<\/h3>\t\t\t\t<\/div>\n\t\t\t\t<div class=\"elementor-element elementor-element-d136a83 elementor-widget elementor-widget-text-editor\" data-id=\"d136a83\" data-element_type=\"widget\" data-e-type=\"widget\" data-widget_type=\"text-editor.default\">\n\t\t\t\t\t\t\t\t\t<p data-start=\"243\" data-end=\"353\">Wir entwickeln, pr\u00fcfen und optimieren Businesspl\u00e4ne f\u00fcr Start-ups, Projektentwicklungen und Unternehmen in Umbruchphasen. Unser Fokus liegt auf realistischer Finanzplanung, nachvollziehbarer Marktlogik und investorenf\u00e4higer Struktur. <br><br>Ein Businessplan ist f\u00fcr uns kein Pr\u00e4sentationsdokument, sondern eine belastbare Entscheidungsgrundlage. Deshalb werden alle Annahmen, Kennzahlen und Strategien kritisch gepr\u00fcft und \u2014 wenn erforderlich \u2014 neu aufgebaut. <br><br>Pr\u00fcfung und \u00dcberarbeitung bestehender Businesspl\u00e4ne<\/p>\t\t\t\t\t\t\t\t<\/div>\n\t\t\t\t<div class=\"elementor-element elementor-element-3052b36 elementor-widget elementor-widget-text-editor\" data-id=\"3052b36\" data-element_type=\"widget\" data-e-type=\"widget\" data-widget_type=\"text-editor.default\">\n\t\t\t\t\t\t\t\t\t<p data-start=\"671\" data-end=\"691\">Viele Projekte verf\u00fcgen bereits \u00fcber Entw\u00fcrfe oder Erstversionen. Diese werden von uns systematisch ausgewertet:<br><br>-Validierung der Marktannahmen<br>-Pr\u00fcfung der Umsatz- und Kostenlogik<br>-Risiko- und Szenarioanalyse<br>-Skalierbarkeitsbewertung<br>-Finanzmodell-Korrektur<br>-Struktur- und Argumentationsverbesserung<br><br>Ziel ist ein Plan, der auch einer professionellen Investorenpr\u00fcfung standh\u00e4lt.<\/p>\t\t\t\t\t\t\t\t<\/div>\n\t\t\t\t<\/div>\n\t\t\t\t\t<\/div>\n\t\t\t\t<\/div>\n\t\t<div class=\"elementor-element elementor-element-b81ddbd e-flex e-con-boxed e-con e-parent\" data-id=\"b81ddbd\" data-element_type=\"container\" data-e-type=\"container\">\n\t\t\t\t\t<div class=\"e-con-inner\">\n\t\t<div class=\"elementor-element elementor-element-c1577a5 e-con-full e-flex e-con e-child\" data-id=\"c1577a5\" data-element_type=\"container\" data-e-type=\"container\">\n\t\t\t\t<div class=\"elementor-element elementor-element-0e986e4 elementor-widget elementor-widget-tj-sidebar-cta\" data-id=\"0e986e4\" data-element_type=\"widget\" data-e-type=\"widget\" data-widget_type=\"tj-sidebar-cta.default\">\n\t\t\t\t<div class=\"elementor-widget-container\">\n\t\t\t\t\t\n    <div data-wow-delay=\"0.3s\" class=\"tj-sidebar-widget mb-0 wow fadeInUp\">\n      <div class=\"tj-sidebar-cta\"  data-bg-image=\"https:\/\/solvior.themejunction.net\/wp-content\/uploads\/2025\/04\/widget-cta.webp\" >\n        <div class=\"content\">\n                                                <div class=\"icon\">\n                <img decoding=\"async\" src=\"https:\/\/solvior.themejunction.net\/wp-content\/uploads\/2025\/04\/widget-cta-icon.png\" alt=\"\" \/>\n              <\/div>\n                                            <h3 class=\"title\">Ben\u00f6tigen Sie Hilfe? <br>Sie k\u00f6nnen uns gerne kontaktieren<\/h3>\n                                <p>\n              Unsere Mission ist es, Unternehmen aller Gr\u00f6\u00dfen in allen Branchen zu st\u00e4rken.            <\/p>\n                  <\/div>\n                  <div class=\"cta-btn\">\n            <a href=\"https:\/\/storzum-invest.com\/contact\/\" target=\"_self\" rel=\"nofollow\" class=\"tj-primary-btn white-btn\">\n              <div class=\"btn_inner\">\n                                  <div class=\"btn_icon\">\n                    <span>\n                      <i aria-hidden=\"true\" class=\"tji-arrow-right\"><\/i>                      <i aria-hidden=\"true\" class=\"tji-arrow-right\"><\/i>                    <\/span>\n                  <\/div>\n                                <div class=\"btn_text\"><span>Nehmen Sie Kontakt auf<\/span><\/div>\n              <\/div>\n            <\/a>\n                          <img decoding=\"async\" class=\"shapes move-anim-2\" src=\"https:\/\/storzum-invest.com\/wp-content\/themes\/solvior\/assets\/images\/shapes\/carrow.png\" alt=\"shape\">\n                      <\/div>\n              <\/div>\n    <\/div>\n\n\t\t\t\t<\/div>\n\t\t\t\t<\/div>\n\t\t\t\t<\/div>\n\t\t<div class=\"elementor-element elementor-element-21ededc e-con-full e-flex e-con e-child\" data-id=\"21ededc\" data-element_type=\"container\" data-e-type=\"container\">\n\t\t\t\t<div class=\"elementor-element elementor-element-f199b11 elementor-widget elementor-widget-heading\" data-id=\"f199b11\" data-element_type=\"widget\" data-e-type=\"widget\" data-widget_type=\"heading.default\">\n\t\t\t\t\t<h3 class=\"elementor-heading-title elementor-size-default\">Realistische Finanz- und Marktanalysen\n<\/h3>\t\t\t\t<\/div>\n\t\t\t\t<div class=\"elementor-element elementor-element-ea0d6d4 elementor-widget elementor-widget-text-editor\" data-id=\"ea0d6d4\" data-element_type=\"widget\" data-e-type=\"widget\" data-widget_type=\"text-editor.default\">\n\t\t\t\t\t\t\t\t\t<p data-start=\"1124\" data-end=\"1152\">Unsere Businesspl\u00e4ne basieren auf konservativen, nachvollziehbaren Annahmen. Wir vermeiden Sch\u00f6nrechnungen und \u00fcberzogene Wachstumserwartungen. Stattdessen erstellen wir belastbare Szenarien, Sensitivit\u00e4tsanalysen und klare Kapitalbedarfsmodelle.<br>Investoren m\u00fcssen erkennen k\u00f6nnen, wie ein Projekt unter realen Marktbedingungen funktioniert. <br><br>Investor-Readiness im Fokus<br><br>Fokus auf Investorenbereitschaft<br><br>Businesspl\u00e4ne werden bei uns mit Blick auf konkrete Investorenprozesse entwickelt. Struktur, Kennzahlen und Darstellung werden so aufgebaut, dass sie f\u00fcr Gespr\u00e4che mit Investoren, Beteiligungspartnern und Kapitalgebern geeignet sind. <\/p><div class=\"gs\"><div class=\"\"><div id=\":nw\" class=\"ii gt\"><div id=\":nv\" class=\"a3s aiL\"><div id=\"avWBGd-17\">Bei Bedarf erfolgt die direkte Vorbereitung f\u00fcr die Vorstellung im eigenen Investorenumfeld.<br><br>-Typische Bestandteile unserer Businesspl\u00e4ne<br>-Gesch\u00e4ftsmodell &amp; Positionierung<br>-Markt- und Wettbewerbsanalyse<br>-Umsatz- und Kostenstruktur<br>-Finanzplanung &amp; Liquidit\u00e4tsmodell<br>-Kapitalbedarfs- und Finanzierungsstruktur<br>-Risikoanalyse<br>-Umsetzungs- und Wachstumsstrategie<br>-Investorenargumentation<\/div><\/div><div class=\"yj6qo\"> <\/div><\/div><\/div><\/div>\t\t\t\t\t\t\t\t<\/div>\n\t\t\t\t<\/div>\n\t\t\t\t\t<\/div>\n\t\t\t\t<\/div>\n\t\t\t\t<\/div>\n\t\t","protected":false},"excerpt":{"rendered":"<p>&#8211; Businesspl\u00e4ne Strukturierte Businesspl\u00e4ne mit belastbaren Analysen Wir entwickeln, pr\u00fcfen und optimieren Businesspl\u00e4ne f\u00fcr Start-ups, Projektentwicklungen und Unternehmen in Umbruchphasen. Unser Fokus liegt auf realistischer Finanzplanung, nachvollziehbarer Marktlogik und investorenf\u00e4higer Struktur. Ein Businessplan ist f\u00fcr uns kein Pr\u00e4sentationsdokument, sondern eine belastbare Entscheidungsgrundlage. Deshalb werden alle Annahmen, Kennzahlen und Strategien kritisch gepr\u00fcft und \u2014 wenn erforderlich [&hellip;]<\/p>\n","protected":false},"author":1,"featured_media":0,"parent":0,"menu_order":0,"comment_status":"closed","ping_status":"closed","template":"","meta":{"_acf_changed":false,"_uag_custom_page_level_css":"","_monsterinsights_skip_tracking":false,"_monsterinsights_sitenote_active":false,"_monsterinsights_sitenote_note":"","_monsterinsights_sitenote_category":0,"footnotes":""},"class_list":["post-7047","page","type-page","status-publish","hentry"],"acf":[],"aioseo_notices":[],"_hostinger_reach_plugin_has_subscription_block":false,"_hostinger_reach_plugin_is_elementor":false,"uagb_featured_image_src":{"full":false,"thumbnail":false,"medium":false,"medium_large":false,"large":false,"1536x1536":false,"2048x2048":false,"woocommerce_thumbnail":false,"woocommerce_single":false,"woocommerce_gallery_thumbnail":false,"woosq":false},"uagb_author_info":{"display_name":"storzumgmbh@gmail.com","author_link":"https:\/\/storzum-invest.com\/de\/author\/storzumgmbhgmail-com\/"},"uagb_comment_info":0,"uagb_excerpt":"&#8211; Businesspl\u00e4ne Strukturierte Businesspl\u00e4ne mit belastbaren Analysen Wir entwickeln, pr\u00fcfen und optimieren Businesspl\u00e4ne f\u00fcr Start-ups, Projektentwicklungen und Unternehmen in Umbruchphasen. Unser Fokus liegt auf realistischer Finanzplanung, nachvollziehbarer Marktlogik und investorenf\u00e4higer Struktur. Ein Businessplan ist f\u00fcr uns kein Pr\u00e4sentationsdokument, sondern eine belastbare Entscheidungsgrundlage. Deshalb werden alle Annahmen, Kennzahlen und Strategien kritisch gepr\u00fcft und \u2014 wenn erforderlich&hellip;","_links":{"self":[{"href":"https:\/\/storzum-invest.com\/de\/wp-json\/wp\/v2\/pages\/7047","targetHints":{"allow":["GET"]}}],"collection":[{"href":"https:\/\/storzum-invest.com\/de\/wp-json\/wp\/v2\/pages"}],"about":[{"href":"https:\/\/storzum-invest.com\/de\/wp-json\/wp\/v2\/types\/page"}],"author":[{"embeddable":true,"href":"https:\/\/storzum-invest.com\/de\/wp-json\/wp\/v2\/users\/1"}],"replies":[{"embeddable":true,"href":"https:\/\/storzum-invest.com\/de\/wp-json\/wp\/v2\/comments?post=7047"}],"version-history":[{"count":5,"href":"https:\/\/storzum-invest.com\/de\/wp-json\/wp\/v2\/pages\/7047\/revisions"}],"predecessor-version":[{"id":7348,"href":"https:\/\/storzum-invest.com\/de\/wp-json\/wp\/v2\/pages\/7047\/revisions\/7348"}],"wp:attachment":[{"href":"https:\/\/storzum-invest.com\/de\/wp-json\/wp\/v2\/media?parent=7047"}],"curies":[{"name":"wp","href":"https:\/\/api.w.org\/{rel}","templated":true}]}}