{"id":7051,"date":"2026-01-25T13:58:33","date_gmt":"2026-01-25T13:58:33","guid":{"rendered":"https:\/\/storzum-invest.com\/geschaeftsideen\/"},"modified":"2026-02-02T20:13:51","modified_gmt":"2026-02-02T20:13:51","slug":"geschaeftsideen","status":"publish","type":"page","link":"https:\/\/storzum-invest.com\/de\/geschaeftsideen\/","title":{"rendered":"Gesch\u00e4ftsideen"},"content":{"rendered":"\t\t<div data-elementor-type=\"wp-page\" data-elementor-id=\"7051\" class=\"elementor elementor-7051 elementor-6808\">\n\t\t\t\t<div class=\"elementor-element elementor-element-5702346 e-flex e-con-boxed e-con e-parent\" data-id=\"5702346\" data-element_type=\"container\" data-e-type=\"container\">\n\t\t\t\t\t<div class=\"e-con-inner\">\n\t\t<div class=\"elementor-element elementor-element-094eaf4 e-con-full e-flex e-con e-child\" data-id=\"094eaf4\" data-element_type=\"container\" data-e-type=\"container\">\n\t\t\t\t<div class=\"elementor-element elementor-element-b92bf70 elementor-widget elementor-widget-tj-heading\" data-id=\"b92bf70\" data-element_type=\"widget\" data-e-type=\"widget\" data-widget_type=\"tj-heading.default\">\n\t\t\t\t<div class=\"elementor-widget-container\">\n\t\t\t\t\t    <div class=\"tj_heading\">\n      <h2 class=\"title\">  - Projekt<\/h2>    <\/div>\n\t\t\t\t<\/div>\n\t\t\t\t<\/div>\n\t\t\t\t<\/div>\n\t\t<div class=\"elementor-element elementor-element-90dc244 e-con-full e-flex e-con e-child\" data-id=\"90dc244\" data-element_type=\"container\" data-e-type=\"container\">\n\t\t\t\t<div class=\"elementor-element elementor-element-94632c8 elementor-widget elementor-widget-image\" data-id=\"94632c8\" data-element_type=\"widget\" data-e-type=\"widget\" data-widget_type=\"image.default\">\n\t\t\t\t\t\t\t\t\t\t\t\t\t\t\t<img fetchpriority=\"high\" decoding=\"async\" width=\"598\" height=\"148\" src=\"https:\/\/storzum-invest.com\/wp-content\/uploads\/2025\/05\/primary-logo-b.png\" class=\"attachment-large size-large wp-image-6699\" alt=\"\" srcset=\"https:\/\/storzum-invest.com\/wp-content\/uploads\/2025\/05\/primary-logo-b.png 598w, https:\/\/storzum-invest.com\/wp-content\/uploads\/2025\/05\/primary-logo-b-300x74.png 300w\" sizes=\"(max-width: 598px) 100vw, 598px\" \/>\t\t\t\t\t\t\t\t\t\t\t\t\t\t\t<\/div>\n\t\t\t\t<\/div>\n\t\t<div class=\"elementor-element elementor-element-ed3a32b e-con-full e-flex e-con e-child\" data-id=\"ed3a32b\" data-element_type=\"container\" data-e-type=\"container\">\n\t\t\t\t<div class=\"elementor-element elementor-element-b3233ed elementor-widget elementor-widget-image\" data-id=\"b3233ed\" data-element_type=\"widget\" data-e-type=\"widget\" data-widget_type=\"image.default\">\n\t\t\t\t\t\t\t\t\t\t\t\t\t\t\t<img decoding=\"async\" width=\"235\" height=\"100\" src=\"https:\/\/storzum-invest.com\/wp-content\/uploads\/2026\/02\/1.jpg\" class=\"attachment-large size-large wp-image-7356\" alt=\"\" \/>\t\t\t\t\t\t\t\t\t\t\t\t\t\t\t<\/div>\n\t\t\t\t<div class=\"elementor-element elementor-element-b75b720 elementor-widget elementor-widget-image\" data-id=\"b75b720\" data-element_type=\"widget\" data-e-type=\"widget\" data-widget_type=\"image.default\">\n\t\t\t\t\t\t\t\t\t\t\t\t\t\t\t<img decoding=\"async\" width=\"1000\" height=\"667\" src=\"https:\/\/storzum-invest.com\/wp-content\/uploads\/2026\/02\/66cf09edeb2ab7519f4b462f_65b8cd99d48c9c781d25a39f_048-GET_FIT_Bad_Soden_Salmunster-min-p-1600-1024x683.jpg\" class=\"attachment-large size-large wp-image-7360\" alt=\"\" srcset=\"https:\/\/storzum-invest.com\/wp-content\/uploads\/2026\/02\/66cf09edeb2ab7519f4b462f_65b8cd99d48c9c781d25a39f_048-GET_FIT_Bad_Soden_Salmunster-min-p-1600-1024x683.jpg 1024w, https:\/\/storzum-invest.com\/wp-content\/uploads\/2026\/02\/66cf09edeb2ab7519f4b462f_65b8cd99d48c9c781d25a39f_048-GET_FIT_Bad_Soden_Salmunster-min-p-1600-300x200.jpg 300w, https:\/\/storzum-invest.com\/wp-content\/uploads\/2026\/02\/66cf09edeb2ab7519f4b462f_65b8cd99d48c9c781d25a39f_048-GET_FIT_Bad_Soden_Salmunster-min-p-1600-768x512.jpg 768w, https:\/\/storzum-invest.com\/wp-content\/uploads\/2026\/02\/66cf09edeb2ab7519f4b462f_65b8cd99d48c9c781d25a39f_048-GET_FIT_Bad_Soden_Salmunster-min-p-1600-1536x1024.jpg 1536w, https:\/\/storzum-invest.com\/wp-content\/uploads\/2026\/02\/66cf09edeb2ab7519f4b462f_65b8cd99d48c9c781d25a39f_048-GET_FIT_Bad_Soden_Salmunster-min-p-1600-600x400.jpg 600w, https:\/\/storzum-invest.com\/wp-content\/uploads\/2026\/02\/66cf09edeb2ab7519f4b462f_65b8cd99d48c9c781d25a39f_048-GET_FIT_Bad_Soden_Salmunster-min-p-1600.jpg 1600w\" sizes=\"(max-width: 1000px) 100vw, 1000px\" \/>\t\t\t\t\t\t\t\t\t\t\t\t\t\t\t<\/div>\n\t\t\t\t<div class=\"elementor-element elementor-element-4f94112 elementor-widget elementor-widget-spacer\" data-id=\"4f94112\" data-element_type=\"widget\" data-e-type=\"widget\" data-widget_type=\"spacer.default\">\n\t\t\t\t\t\t\t<div class=\"elementor-spacer\">\n\t\t\t<div class=\"elementor-spacer-inner\"><\/div>\n\t\t<\/div>\n\t\t\t\t\t\t<\/div>\n\t\t\t\t<div class=\"elementor-element elementor-element-9dbaaea elementor-widget elementor-widget-image\" data-id=\"9dbaaea\" data-element_type=\"widget\" data-e-type=\"widget\" data-widget_type=\"image.default\">\n\t\t\t\t\t\t\t\t\t\t\t\t\t\t\t<img loading=\"lazy\" decoding=\"async\" width=\"180\" height=\"180\" src=\"https:\/\/storzum-invest.com\/wp-content\/uploads\/2025\/05\/h4-hero-shape-1.svg\" class=\"attachment-large size-large wp-image-2066\" alt=\"\" \/>\t\t\t\t\t\t\t\t\t\t\t\t\t\t\t<\/div>\n\t\t\t\t<\/div>\n\t\t<div class=\"elementor-element elementor-element-27d0b87 e-con-full e-flex e-con e-child\" data-id=\"27d0b87\" data-element_type=\"container\" data-e-type=\"container\">\n\t\t\t\t<div class=\"elementor-element elementor-element-64a3405 elementor-widget elementor-widget-heading\" data-id=\"64a3405\" data-element_type=\"widget\" data-e-type=\"widget\" data-widget_type=\"heading.default\">\n\t\t\t\t\t<h3 class=\"elementor-heading-title elementor-size-default\">Get Fit<\/h3>\t\t\t\t<\/div>\n\t\t\t\t<div class=\"elementor-element elementor-element-d136a83 elementor-widget elementor-widget-text-editor\" data-id=\"d136a83\" data-element_type=\"widget\" data-e-type=\"widget\" data-widget_type=\"text-editor.default\">\n\t\t\t\t\t\t\t\t\t<div class=\"flex flex-col text-sm pb-25\"><article class=\"text-token-text-primary w-full focus:outline-none [--shadow-height:45px] has-data-writing-block:pointer-events-none has-data-writing-block:-mt-(--shadow-height) has-data-writing-block:pt-(--shadow-height) [&amp;:has([data-writing-block])&gt;*]:pointer-events-auto scroll-mt-[calc(var(--header-height)+min(200px,max(70px,20svh)))]\" dir=\"auto\" tabindex=\"-1\" data-turn-id=\"request-WEB:d5212f1a-7b18-4e21-905a-2ef349a1a571-2\" data-testid=\"conversation-turn-4\" data-scroll-anchor=\"true\" data-turn=\"assistant\"><div class=\"text-base my-auto mx-auto pb-10 [--thread-content-margin:--spacing(4)] @w-sm\/main:[--thread-content-margin:--spacing(6)] @w-lg\/main:[--thread-content-margin:--spacing(16)] px-(--thread-content-margin)\"><div class=\"[--thread-content-max-width:40rem] @w-lg\/main:[--thread-content-max-width:48rem] mx-auto max-w-(--thread-content-max-width) flex-1 group\/turn-messages focus-visible:outline-hidden relative flex w-full min-w-0 flex-col agent-turn\" tabindex=\"-1\"><div class=\"flex max-w-full flex-col grow\"><div class=\"min-h-8 text-message relative flex w-full flex-col items-end gap-2 text-start break-words whitespace-normal [.text-message+&amp;]:mt-1\" dir=\"auto\" data-message-author-role=\"assistant\" data-message-id=\"9f7ff335-b134-4275-ab65-3ff603708d71\" data-message-model-slug=\"gpt-5-2\"><div class=\"flex w-full flex-col gap-1 empty:hidden first:pt-[1px]\"><div class=\"markdown prose dark:prose-invert w-full wrap-break-word light markdown-new-styling\"><p data-start=\"69\" data-end=\"402\">Aktuelles Projekt \u2013 Fitnessstudio Insheim (Rheinland-Pfalz)<br>Am Standort Insheim in Rheinland-Pfalz realisieren wir ein modernes Fitnessstudio im Rahmen eines Franchise-Konzepts mit dem etablierten Systempartner Get Fit. Das Projekt steht f\u00fcr eine zukunftsorientierte Gesundheits- und Trainingsinfrastruktur mit klarer Ausrichtung auf Qualit\u00e4t, Funktionalit\u00e4t und nachhaltige Standortentwicklung. <\/p><p data-start=\"404\" data-end=\"742\">Das Studio umfasst eine Fl\u00e4che von rund 600 m\u00b2 und entsteht auf einem Grundst\u00fcck von ca. 2.500 m\u00b2. Geplant ist ein zeitgem\u00e4\u00dfer Trainingsbetrieb mit optimaler Fl\u00e4chennutzung, effizienter Besucherf\u00fchrung und ausreichender Stellplatzstruktur. Der Fokus liegt auf einem attraktiven, wirtschaftlich tragf\u00e4higen Betriebskonzept mit hoher regionaler Nachfrage.  <\/p><p data-start=\"744\" data-end=\"947\" data-is-last-node=\"\" data-is-only-node=\"\">Mit diesem Projekt erweitern wir unser Portfolio im Bereich Freizeit- und Gesundheitsimmobilien und setzen auf langfristige Standortstabilit\u00e4t, starke Markenpartnerschaften und professionelle Umsetzung.<\/p><p>Interessenten, die Teil des Get Fit-Netzwerks werden m\u00f6chten, sind eingeladen, die offizielle Get Fit-Website zu besuchen und einen Franchise-Antrag f\u00fcr weitere Informationen einzureichen.<\/p><\/div><\/div><\/div><\/div><\/div><\/div><\/article><\/div>\t\t\t\t\t\t\t\t<\/div>\n\t\t\t\t<div class=\"elementor-element elementor-element-800f483 elementor-button-info elementor-widget elementor-widget-button\" data-id=\"800f483\" data-element_type=\"widget\" data-e-type=\"widget\" data-widget_type=\"button.default\">\n\t\t\t\t\t\t\t\t\t\t<a class=\"elementor-button elementor-button-link elementor-size-sm\" href=\"https:\/\/www.getfitgroup.de\/\">\n\t\t\t\t\t\t<span class=\"elementor-button-content-wrapper\">\n\t\t\t\t\t\t<span class=\"elementor-button-icon\">\n\t\t\t\t<i aria-hidden=\"true\" class=\"far fa-arrow-alt-circle-left\"><\/i>\t\t\t<\/span>\n\t\t\t\t\t\t\t\t\t<span class=\"elementor-button-text\">www.getfitgroup.de<\/span>\n\t\t\t\t\t<\/span>\n\t\t\t\t\t<\/a>\n\t\t\t\t\t\t\t\t<\/div>\n\t\t\t\t<div class=\"elementor-element elementor-element-962afd7 elementor-arrows-position-inside elementor-pagination-position-outside elementor-widget elementor-widget-image-carousel\" data-id=\"962afd7\" data-element_type=\"widget\" data-e-type=\"widget\" data-settings=\"{&quot;navigation&quot;:&quot;both&quot;,&quot;autoplay&quot;:&quot;yes&quot;,&quot;pause_on_hover&quot;:&quot;yes&quot;,&quot;pause_on_interaction&quot;:&quot;yes&quot;,&quot;autoplay_speed&quot;:5000,&quot;infinite&quot;:&quot;yes&quot;,&quot;speed&quot;:500}\" data-widget_type=\"image-carousel.default\">\n\t\t\t\t\t\t\t<div class=\"elementor-image-carousel-wrapper swiper\" role=\"region\" aria-roledescription=\"carousel\" aria-label=\"Image Carousel\" dir=\"ltr\">\n\t\t\t<div class=\"elementor-image-carousel swiper-wrapper\" aria-live=\"off\">\n\t\t\t\t\t\t\t\t<div class=\"swiper-slide\" role=\"group\" aria-roledescription=\"slide\" aria-label=\"1 von 6\"><figure class=\"swiper-slide-inner\"><img decoding=\"async\" class=\"swiper-slide-image\" src=\"https:\/\/storzum-invest.com\/wp-content\/uploads\/2026\/02\/688b2bb6be9d4fa77f781930_Design-ohne-Titel-2025-07-31T103912.684-1-1-150x150.png\" alt=\"688b2bb6be9d4fa77f781930_Design ohne Titel - 2025-07-31T103912.684 (1)\" \/><\/figure><\/div><div class=\"swiper-slide\" role=\"group\" aria-roledescription=\"slide\" aria-label=\"2 von 6\"><figure class=\"swiper-slide-inner\"><img decoding=\"async\" class=\"swiper-slide-image\" src=\"https:\/\/storzum-invest.com\/wp-content\/uploads\/2026\/02\/6644e790cda45dc07e328050_image00002-p-1600-150x150.webp\" alt=\"6644e790cda45dc07e328050_image00002-p-1600\" \/><\/figure><\/div><div class=\"swiper-slide\" role=\"group\" aria-roledescription=\"slide\" aria-label=\"3 von 6\"><figure class=\"swiper-slide-inner\"><img decoding=\"async\" class=\"swiper-slide-image\" src=\"https:\/\/storzum-invest.com\/wp-content\/uploads\/2026\/02\/6644e6f3a55d9aa26c42a136_image00003-p-1600-150x150.webp\" alt=\"6644e6f3a55d9aa26c42a136_image00003-p-1600\" \/><\/figure><\/div><div class=\"swiper-slide\" role=\"group\" aria-roledescription=\"slide\" aria-label=\"4 von 6\"><figure class=\"swiper-slide-inner\"><img decoding=\"async\" class=\"swiper-slide-image\" src=\"https:\/\/storzum-invest.com\/wp-content\/uploads\/2026\/02\/660179b2dda7a8f5e4fbab5f_019-GET_FIT_Bad_Soden_Salmunster-Kopie-p-1600-150x150.jpg\" alt=\"660179b2dda7a8f5e4fbab5f_019-GET_FIT_Bad_Soden_Salm\u00fcnster - Kopie-p-1600\" \/><\/figure><\/div><div class=\"swiper-slide\" role=\"group\" aria-roledescription=\"slide\" aria-label=\"5 von 6\"><figure class=\"swiper-slide-inner\"><img decoding=\"async\" class=\"swiper-slide-image\" src=\"https:\/\/storzum-invest.com\/wp-content\/uploads\/2026\/02\/69329bb9d3371b5edfa39152_Thumbnail-150x150.png\" alt=\"69329bb9d3371b5edfa39152_Thumbnail\" \/><\/figure><\/div><div class=\"swiper-slide\" role=\"group\" aria-roledescription=\"slide\" aria-label=\"6 von 6\"><figure class=\"swiper-slide-inner\"><img decoding=\"async\" class=\"swiper-slide-image\" src=\"https:\/\/storzum-invest.com\/wp-content\/uploads\/2026\/02\/66cf09edeb2ab7519f4b462f_65b8cd99d48c9c781d25a39f_048-GET_FIT_Bad_Soden_Salmunster-min-p-1600-150x150.jpg\" alt=\"66cf09edeb2ab7519f4b462f_65b8cd99d48c9c781d25a39f_048-GET_FIT_Bad_Soden_Salm\u00fcnster-min-p-1600\" \/><\/figure><\/div>\t\t\t<\/div>\n\t\t\t\t\t\t\t\t\t\t\t\t<div class=\"elementor-swiper-button elementor-swiper-button-prev\" role=\"button\" tabindex=\"0\">\n\t\t\t\t\t\t<i aria-hidden=\"true\" class=\"eicon-chevron-left\"><\/i>\t\t\t\t\t<\/div>\n\t\t\t\t\t<div class=\"elementor-swiper-button elementor-swiper-button-next\" role=\"button\" tabindex=\"0\">\n\t\t\t\t\t\t<i aria-hidden=\"true\" class=\"eicon-chevron-right\"><\/i>\t\t\t\t\t<\/div>\n\t\t\t\t\n\t\t\t\t\t\t\t\t\t<div class=\"swiper-pagination\"><\/div>\n\t\t\t\t\t\t\t\t\t<\/div>\n\t\t\t\t\t\t<\/div>\n\t\t\t\t<\/div>\n\t\t\t\t\t<\/div>\n\t\t\t\t<\/div>\n\t\t<div class=\"elementor-element elementor-element-67a991e e-flex e-con-boxed e-con e-parent\" data-id=\"67a991e\" data-element_type=\"container\" data-e-type=\"container\">\n\t\t\t\t\t<div class=\"e-con-inner\">\n\t\t<div class=\"elementor-element elementor-element-425ca80 e-con-full e-flex e-con e-child\" data-id=\"425ca80\" data-element_type=\"container\" data-e-type=\"container\">\n\t\t\t\t<\/div>\n\t\t<div class=\"elementor-element elementor-element-737c0cf e-con-full e-flex e-con e-child\" data-id=\"737c0cf\" data-element_type=\"container\" data-e-type=\"container\">\n\t\t<div class=\"elementor-element elementor-element-2ae257f e-con-full e-flex e-con e-child\" data-id=\"2ae257f\" data-element_type=\"container\" data-e-type=\"container\">\n\t\t\t\t<\/div>\n\t\t<div class=\"elementor-element elementor-element-2dee52d e-con-full e-flex e-con e-child\" data-id=\"2dee52d\" data-element_type=\"container\" data-e-type=\"container\">\n\t\t\t\t<\/div>\n\t\t\t\t<\/div>\n\t\t\t\t\t<\/div>\n\t\t\t\t<\/div>\n\t\t<div class=\"elementor-element elementor-element-b81ddbd e-flex e-con-boxed e-con e-parent\" data-id=\"b81ddbd\" data-element_type=\"container\" data-e-type=\"container\">\n\t\t\t\t\t<div class=\"e-con-inner\">\n\t\t<div class=\"elementor-element elementor-element-c1577a5 e-con-full e-flex e-con e-child\" data-id=\"c1577a5\" data-element_type=\"container\" data-e-type=\"container\">\n\t\t\t\t<div class=\"elementor-element elementor-element-441e2a5 elementor-widget elementor-widget-tj-sidebar-cta\" data-id=\"441e2a5\" data-element_type=\"widget\" data-e-type=\"widget\" data-widget_type=\"tj-sidebar-cta.default\">\n\t\t\t\t<div class=\"elementor-widget-container\">\n\t\t\t\t\t\n    <div data-wow-delay=\"0.3s\" class=\"tj-sidebar-widget mb-0 wow fadeInUp\">\n      <div class=\"tj-sidebar-cta\"  data-bg-image=\"https:\/\/solvior.themejunction.net\/wp-content\/uploads\/2025\/04\/widget-cta.webp\" >\n        <div class=\"content\">\n                                                <div class=\"icon\">\n                <img decoding=\"async\" src=\"https:\/\/solvior.themejunction.net\/wp-content\/uploads\/2025\/04\/widget-cta-icon.png\" alt=\"\" \/>\n              <\/div>\n                                            <h3 class=\"title\">Ben\u00f6tigen Sie Hilfe? <br>Sie k\u00f6nnen uns gerne kontaktieren<\/h3>\n                                <p>\n              Unsere Mission ist es, Unternehmen aller Gr\u00f6\u00dfen in allen Branchen zu st\u00e4rken.            <\/p>\n                  <\/div>\n                  <div class=\"cta-btn\">\n            <a href=\"https:\/\/storzum-invest.com\/contact\/\" target=\"_self\" rel=\"nofollow\" class=\"tj-primary-btn white-btn\">\n              <div class=\"btn_inner\">\n                                  <div class=\"btn_icon\">\n                    <span>\n                      <i aria-hidden=\"true\" class=\"tji-arrow-right\"><\/i>                      <i aria-hidden=\"true\" class=\"tji-arrow-right\"><\/i>                    <\/span>\n                  <\/div>\n                                <div class=\"btn_text\"><span>Nehmen Sie Kontakt auf<\/span><\/div>\n              <\/div>\n            <\/a>\n                          <img decoding=\"async\" class=\"shapes move-anim-2\" src=\"https:\/\/storzum-invest.com\/wp-content\/themes\/solvior\/assets\/images\/shapes\/carrow.png\" alt=\"shape\">\n                      <\/div>\n              <\/div>\n    <\/div>\n\n\t\t\t\t<\/div>\n\t\t\t\t<\/div>\n\t\t\t\t<\/div>\n\t\t<div class=\"elementor-element elementor-element-21ededc e-con-full e-flex e-con e-child\" data-id=\"21ededc\" data-element_type=\"container\" data-e-type=\"container\">\n\t\t\t\t<div class=\"elementor-element elementor-element-f199b11 elementor-widget elementor-widget-heading\" data-id=\"f199b11\" data-element_type=\"widget\" data-e-type=\"widget\" data-widget_type=\"heading.default\">\n\t\t\t\t\t<h3 class=\"elementor-heading-title elementor-size-default\">Wo Ideen auf strategische Disziplin treffen.<\/h3>\t\t\t\t<\/div>\n\t\t\t\t<div class=\"elementor-element elementor-element-ea0d6d4 elementor-widget elementor-widget-text-editor\" data-id=\"ea0d6d4\" data-element_type=\"widget\" data-e-type=\"widget\" data-widget_type=\"text-editor.default\">\n\t\t\t\t\t\t\t\t\t<h4 data-start=\"955\" data-end=\"983\"><strong data-start=\"959\" data-end=\"983\">Wichtige Unterst\u00fctzungsbereiche<\/strong><\/h4><ul data-start=\"985\" data-end=\"1182\"><li data-start=\"985\" data-end=\"1031\"><p data-start=\"987\" data-end=\"1031\">Ideenvalidierung und Machbarkeitsbewertung<\/p><\/li><li data-start=\"1032\" data-end=\"1064\"><p data-start=\"1034\" data-end=\"1064\">Markt- und Kundenanalyse<\/p><\/li><li data-start=\"1065\" data-end=\"1092\"><p data-start=\"1067\" data-end=\"1092\">Wettbewerbspositionierung<\/p><\/li><li data-start=\"1093\" data-end=\"1123\"><p data-start=\"1095\" data-end=\"1123\">Entwicklung von Gesch\u00e4ftsmodellen<\/p><\/li><li data-start=\"1124\" data-end=\"1182\"><p data-start=\"1126\" data-end=\"1182\">Erste finanzielle Annahmen und Skalierbarkeitsanalyse<\/p><\/li><\/ul><hr data-start=\"1184\" data-end=\"1187\"><h4><strong data-start=\"1193\" data-end=\"1212\">Strategischer Wert<\/strong><\/h4><p data-start=\"1214\" data-end=\"1312\">Unser Ziel ist es, die Unsicherheit in der Fr\u00fchphase zu reduzieren und die Qualit\u00e4t strategischer Entscheidungen zu verbessern.<\/p><p data-start=\"1314\" data-end=\"1604\">Durch die Anwendung strukturierter Analysen und einer unabh\u00e4ngigen Perspektive helfen wir Klienten, kostspielige Fehltritte zu vermeiden und sich auf Ideen mit echtem Potenzial zu konzentrieren. Das Ergebnis ist ein klares, glaubw\u00fcrdiges und umsetzbares Konzept, das zu einem Businessplan, einem Investitionsvorschlag oder einer Startup-Initiative weiterentwickelt werden kann. <\/p>\t\t\t\t\t\t\t\t<\/div>\n\t\t\t\t<\/div>\n\t\t\t\t\t<\/div>\n\t\t\t\t<\/div>\n\t\t\t\t<\/div>\n\t\t","protected":false},"excerpt":{"rendered":"<p>&#8211; Projekt Get Fit Aktuelles Projekt \u2013 Fitnessstudio Insheim (Rheinland-Pfalz)Am Standort Insheim in Rheinland-Pfalz realisieren wir ein modernes Fitnessstudio im Rahmen eines Franchise-Konzepts mit dem etablierten Systempartner Get Fit. Das Projekt steht f\u00fcr eine zukunftsorientierte Gesundheits- und Trainingsinfrastruktur mit klarer Ausrichtung auf Qualit\u00e4t, Funktionalit\u00e4t und nachhaltige Standortentwicklung. Das Studio umfasst eine Fl\u00e4che von rund 600 [&hellip;]<\/p>\n","protected":false},"author":1,"featured_media":0,"parent":0,"menu_order":0,"comment_status":"closed","ping_status":"closed","template":"","meta":{"_acf_changed":false,"_uag_custom_page_level_css":"","_monsterinsights_skip_tracking":false,"_monsterinsights_sitenote_active":false,"_monsterinsights_sitenote_note":"","_monsterinsights_sitenote_category":0,"footnotes":""},"class_list":["post-7051","page","type-page","status-publish","hentry"],"acf":[],"aioseo_notices":[],"_hostinger_reach_plugin_has_subscription_block":false,"_hostinger_reach_plugin_is_elementor":false,"uagb_featured_image_src":{"full":false,"thumbnail":false,"medium":false,"medium_large":false,"large":false,"1536x1536":false,"2048x2048":false,"woocommerce_thumbnail":false,"woocommerce_single":false,"woocommerce_gallery_thumbnail":false,"woosq":false},"uagb_author_info":{"display_name":"storzumgmbh@gmail.com","author_link":"https:\/\/storzum-invest.com\/de\/author\/storzumgmbhgmail-com\/"},"uagb_comment_info":0,"uagb_excerpt":"&#8211; Projekt Get Fit Aktuelles Projekt \u2013 Fitnessstudio Insheim (Rheinland-Pfalz)Am Standort Insheim in Rheinland-Pfalz realisieren wir ein modernes Fitnessstudio im Rahmen eines Franchise-Konzepts mit dem etablierten Systempartner Get Fit. Das Projekt steht f\u00fcr eine zukunftsorientierte Gesundheits- und Trainingsinfrastruktur mit klarer Ausrichtung auf Qualit\u00e4t, Funktionalit\u00e4t und nachhaltige Standortentwicklung. Das Studio umfasst eine Fl\u00e4che von rund 600&hellip;","_links":{"self":[{"href":"https:\/\/storzum-invest.com\/de\/wp-json\/wp\/v2\/pages\/7051","targetHints":{"allow":["GET"]}}],"collection":[{"href":"https:\/\/storzum-invest.com\/de\/wp-json\/wp\/v2\/pages"}],"about":[{"href":"https:\/\/storzum-invest.com\/de\/wp-json\/wp\/v2\/types\/page"}],"author":[{"embeddable":true,"href":"https:\/\/storzum-invest.com\/de\/wp-json\/wp\/v2\/users\/1"}],"replies":[{"embeddable":true,"href":"https:\/\/storzum-invest.com\/de\/wp-json\/wp\/v2\/comments?post=7051"}],"version-history":[{"count":2,"href":"https:\/\/storzum-invest.com\/de\/wp-json\/wp\/v2\/pages\/7051\/revisions"}],"predecessor-version":[{"id":7374,"href":"https:\/\/storzum-invest.com\/de\/wp-json\/wp\/v2\/pages\/7051\/revisions\/7374"}],"wp:attachment":[{"href":"https:\/\/storzum-invest.com\/de\/wp-json\/wp\/v2\/media?parent=7051"}],"curies":[{"name":"wp","href":"https:\/\/api.w.org\/{rel}","templated":true}]}}