{"id":7055,"date":"2026-01-25T14:25:18","date_gmt":"2026-01-25T14:25:18","guid":{"rendered":"https:\/\/storzum-invest.com\/startup-programm\/"},"modified":"2026-02-02T18:55:20","modified_gmt":"2026-02-02T18:55:20","slug":"startup-programm","status":"publish","type":"page","link":"https:\/\/storzum-invest.com\/de\/startup-programm\/","title":{"rendered":"Startup-Programm"},"content":{"rendered":"\t\t<div data-elementor-type=\"wp-page\" data-elementor-id=\"7055\" class=\"elementor elementor-7055 elementor-6820\">\n\t\t\t\t<div class=\"elementor-element elementor-element-5702346 e-flex e-con-boxed e-con e-parent\" data-id=\"5702346\" data-element_type=\"container\" data-e-type=\"container\">\n\t\t\t\t\t<div class=\"e-con-inner\">\n\t\t<div class=\"elementor-element elementor-element-094eaf4 e-con-full e-flex e-con e-child\" data-id=\"094eaf4\" data-element_type=\"container\" data-e-type=\"container\">\n\t\t\t\t<div class=\"elementor-element elementor-element-b92bf70 elementor-widget elementor-widget-tj-heading\" data-id=\"b92bf70\" data-element_type=\"widget\" data-e-type=\"widget\" data-widget_type=\"tj-heading.default\">\n\t\t\t\t<div class=\"elementor-widget-container\">\n\t\t\t\t\t    <div class=\"tj_heading\">\n      <h2 class=\"title\">  - Startup-Programm<\/h2>    <\/div>\n\t\t\t\t<\/div>\n\t\t\t\t<\/div>\n\t\t\t\t<\/div>\n\t\t<div class=\"elementor-element elementor-element-90dc244 e-con-full e-flex e-con e-child\" data-id=\"90dc244\" data-element_type=\"container\" data-e-type=\"container\">\n\t\t\t\t<div class=\"elementor-element elementor-element-94632c8 elementor-widget elementor-widget-image\" data-id=\"94632c8\" data-element_type=\"widget\" data-e-type=\"widget\" data-widget_type=\"image.default\">\n\t\t\t\t\t\t\t\t\t\t\t\t\t\t\t<img fetchpriority=\"high\" decoding=\"async\" width=\"598\" height=\"148\" src=\"https:\/\/storzum-invest.com\/wp-content\/uploads\/2025\/05\/primary-logo-b.png\" class=\"attachment-large size-large wp-image-6699\" alt=\"\" srcset=\"https:\/\/storzum-invest.com\/wp-content\/uploads\/2025\/05\/primary-logo-b.png 598w, https:\/\/storzum-invest.com\/wp-content\/uploads\/2025\/05\/primary-logo-b-300x74.png 300w\" sizes=\"(max-width: 598px) 100vw, 598px\" \/>\t\t\t\t\t\t\t\t\t\t\t\t\t\t\t<\/div>\n\t\t\t\t<\/div>\n\t\t<div class=\"elementor-element elementor-element-ed3a32b e-con-full e-flex e-con e-child\" data-id=\"ed3a32b\" data-element_type=\"container\" data-e-type=\"container\">\n\t\t\t\t<div class=\"elementor-element elementor-element-b3233ed elementor-widget elementor-widget-image\" data-id=\"b3233ed\" data-element_type=\"widget\" data-e-type=\"widget\" data-widget_type=\"image.default\">\n\t\t\t\t\t\t\t\t\t\t\t\t\t\t\t<img decoding=\"async\" width=\"840\" height=\"1024\" src=\"https:\/\/storzum-invest.com\/wp-content\/uploads\/2026\/01\/gallery-img-4-840x1024.webp\" class=\"attachment-large size-large wp-image-6391\" alt=\"\" srcset=\"https:\/\/storzum-invest.com\/wp-content\/uploads\/2026\/01\/gallery-img-4-840x1024.webp 840w, https:\/\/storzum-invest.com\/wp-content\/uploads\/2026\/01\/gallery-img-4-246x300.webp 246w, https:\/\/storzum-invest.com\/wp-content\/uploads\/2026\/01\/gallery-img-4-768x936.webp 768w, https:\/\/storzum-invest.com\/wp-content\/uploads\/2026\/01\/gallery-img-4-600x731.webp 600w, https:\/\/storzum-invest.com\/wp-content\/uploads\/2026\/01\/gallery-img-4.webp 1260w\" sizes=\"(max-width: 840px) 100vw, 840px\" \/>\t\t\t\t\t\t\t\t\t\t\t\t\t\t\t<\/div>\n\t\t\t\t<div class=\"elementor-element elementor-element-b1851e2 elementor-widget elementor-widget-image\" data-id=\"b1851e2\" data-element_type=\"widget\" data-e-type=\"widget\" data-widget_type=\"image.default\">\n\t\t\t\t\t\t\t\t\t\t\t\t\t\t\t<img decoding=\"async\" width=\"220\" height=\"119\" src=\"https:\/\/storzum-invest.com\/wp-content\/uploads\/2025\/05\/h6-team-shape.svg\" class=\"attachment-large size-large wp-image-2839\" alt=\"\" \/>\t\t\t\t\t\t\t\t\t\t\t\t\t\t\t<\/div>\n\t\t\t\t<\/div>\n\t\t<div class=\"elementor-element elementor-element-27d0b87 e-con-full e-flex e-con e-child\" data-id=\"27d0b87\" data-element_type=\"container\" data-e-type=\"container\">\n\t\t\t\t<div class=\"elementor-element elementor-element-64a3405 elementor-widget elementor-widget-heading\" data-id=\"64a3405\" data-element_type=\"widget\" data-e-type=\"widget\" data-widget_type=\"heading.default\">\n\t\t\t\t\t<h3 class=\"elementor-heading-title elementor-size-default\">Strukturierte Vorbereitung f\u00fcr investitionsf\u00e4hige Start-ups\n<\/h3>\t\t\t\t<\/div>\n\t\t\t\t<div class=\"elementor-element elementor-element-d136a83 elementor-widget elementor-widget-text-editor\" data-id=\"d136a83\" data-element_type=\"widget\" data-e-type=\"widget\" data-widget_type=\"text-editor.default\">\n\t\t\t\t\t\t\t\t\t<p data-start=\"282\" data-end=\"405\">Unser Startup-Programm richtet sich an Gr\u00fcnder und junge Unternehmen, die ihr Gesch\u00e4ftsmodell professionell strukturieren und investorenf\u00e4hig aufstellen m\u00f6chten. Der Schwerpunkt liegt auf der fundierten Pr\u00fcfung, Verbesserung und belastbaren Ausarbeitung von Businesspl\u00e4nen sowie auf realistischer Markt- und Finanzanalyse. <br><br>Wir \u00fcbernehmen keine ungepr\u00fcften Konzepte. Jedes Projekt wird inhaltlich, wirtschaftlich und strategisch bewertet und \u2014 wenn erforderlich \u2014 grundlegend \u00fcberarbeitet. Ziel ist ein tragf\u00e4higes Modell mit nachvollziehbaren Zahlen und klarer Umsetzungsstruktur. <\/p>\t\t\t\t\t\t\t\t<\/div>\n\t\t\t\t<div class=\"elementor-element elementor-element-3052b36 elementor-widget elementor-widget-text-editor\" data-id=\"3052b36\" data-element_type=\"widget\" data-e-type=\"widget\" data-widget_type=\"text-editor.default\">\n\t\t\t\t\t\t\t\t\t<p data-start=\"693\" data-end=\"713\">Businessplan-Pr\u00fcfung und Optimierung<\/p><p>Ein zentraler Bestandteil unseres Programms ist die detaillierte Auswertung bestehender Businesspl\u00e4ne. Dabei pr\u00fcfen wir Annahmen, Marktlogik, Kostenstrukturen, Skalierbarkeit und Finanzplanung. <\/p><p>Wo notwendig, werden Gesch\u00e4ftsmodelle angepasst, Kennzahlen neu kalkuliert und Strategien gesch\u00e4rft. Unsere Analysen basieren auf realistischen Szenarien \u2014 nicht auf Wunschannahmen. <\/p><p>Unser Anspruch: Investorenunterlagen m\u00fcssen belastbar, pr\u00fcfbar und nachvollziehbar sein.<\/p>\t\t\t\t\t\t\t\t<\/div>\n\t\t\t\t<\/div>\n\t\t\t\t\t<\/div>\n\t\t\t\t<\/div>\n\t\t<div class=\"elementor-element elementor-element-b81ddbd e-flex e-con-boxed e-con e-parent\" data-id=\"b81ddbd\" data-element_type=\"container\" data-e-type=\"container\">\n\t\t\t\t\t<div class=\"e-con-inner\">\n\t\t<div class=\"elementor-element elementor-element-c1577a5 e-con-full e-flex e-con e-child\" data-id=\"c1577a5\" data-element_type=\"container\" data-e-type=\"container\">\n\t\t\t\t<div class=\"elementor-element elementor-element-441e2a5 elementor-widget elementor-widget-tj-sidebar-cta\" data-id=\"441e2a5\" data-element_type=\"widget\" data-e-type=\"widget\" data-widget_type=\"tj-sidebar-cta.default\">\n\t\t\t\t<div class=\"elementor-widget-container\">\n\t\t\t\t\t\n    <div data-wow-delay=\"0.3s\" class=\"tj-sidebar-widget mb-0 wow fadeInUp\">\n      <div class=\"tj-sidebar-cta\"  data-bg-image=\"https:\/\/solvior.themejunction.net\/wp-content\/uploads\/2025\/04\/widget-cta.webp\" >\n        <div class=\"content\">\n                                                <div class=\"icon\">\n                <img decoding=\"async\" src=\"https:\/\/solvior.themejunction.net\/wp-content\/uploads\/2025\/04\/widget-cta-icon.png\" alt=\"\" \/>\n              <\/div>\n                                            <h3 class=\"title\">Ben\u00f6tigen Sie Hilfe? <br>Sie k\u00f6nnen uns gerne kontaktieren<\/h3>\n                                <p>\n              Unsere Mission ist es, Unternehmen aller Gr\u00f6\u00dfen in allen Branchen zu st\u00e4rken.            <\/p>\n                  <\/div>\n                  <div class=\"cta-btn\">\n            <a href=\"https:\/\/storzum-invest.com\/contact\/\" target=\"_self\" rel=\"nofollow\" class=\"tj-primary-btn white-btn\">\n              <div class=\"btn_inner\">\n                                  <div class=\"btn_icon\">\n                    <span>\n                      <i aria-hidden=\"true\" class=\"tji-arrow-right\"><\/i>                      <i aria-hidden=\"true\" class=\"tji-arrow-right\"><\/i>                    <\/span>\n                  <\/div>\n                                <div class=\"btn_text\"><span>Nehmen Sie Kontakt auf<\/span><\/div>\n              <\/div>\n            <\/a>\n                          <img decoding=\"async\" class=\"shapes move-anim-2\" src=\"https:\/\/storzum-invest.com\/wp-content\/themes\/solvior\/assets\/images\/shapes\/carrow.png\" alt=\"shape\">\n                      <\/div>\n              <\/div>\n    <\/div>\n\n\t\t\t\t<\/div>\n\t\t\t\t<\/div>\n\t\t\t\t<\/div>\n\t\t<div class=\"elementor-element elementor-element-21ededc e-con-full e-flex e-con e-child\" data-id=\"21ededc\" data-element_type=\"container\" data-e-type=\"container\">\n\t\t\t\t<div class=\"elementor-element elementor-element-f199b11 elementor-widget elementor-widget-heading\" data-id=\"f199b11\" data-element_type=\"widget\" data-e-type=\"widget\" data-widget_type=\"heading.default\">\n\t\t\t\t\t<h3 class=\"elementor-heading-title elementor-size-default\">Realistische Analysen statt Sch\u00f6nrechnungen<\/h3>\t\t\t\t<\/div>\n\t\t\t\t<div class=\"elementor-element elementor-element-ea0d6d4 elementor-widget elementor-widget-text-editor\" data-id=\"ea0d6d4\" data-element_type=\"widget\" data-e-type=\"widget\" data-widget_type=\"text-editor.default\">\n\t\t\t\t\t\t\t\t\t<p data-start=\"1102\" data-end=\"1130\">Wir erstellen strukturierte Markt-, Risiko- und Finanzanalysen. Ziel ist es, Chancen und Schw\u00e4chen offen zu bewerten, Risiken sichtbar zu machen und Entscheidungsgrundlagen auf Fakten zu st\u00fctzen. <br><br>Nur Projekte mit tragf\u00e4higer Grundlage werden aktiv in Investorenprozesse \u00fcberf\u00fchrt.<br><br>Investoren aus gepr\u00fcftem Netzwerk<br>Die Investorenansprache erfolgt in erster Linie \u00fcber unser eigenes Netzwerk. Wir achten gezielt darauf, dass ein Investor nicht nur Kapital bereitstellt, sondern zus\u00e4tzlich unternehmerisches Know-how, Marktzugang oder operative Erfahrung einbringt.<br>Kapital allein gen\u00fcgt nicht \u2014 strategischer Mehrwert ist entscheidend f\u00fcr nachhaltiges Wachstum. <\/p><p data-start=\"1102\" data-end=\"1130\">Die Investorenauswahl erfolgt selektiv und projektbezogen.<br><br><span style=\"text-decoration: underline;\">Unterst\u00fctzungsbereiche<\/span><br><br><strong>-Pr\u00fcfung und Verbesserung von Businesspl\u00e4nen<\/strong><br><strong>-Finanzmodellierung und Szenarioanalyse<\/strong><br><strong>-Markt- und Wettbewerbsbewertung<\/strong><br><strong>-Pitch-Deck Optimierung<\/strong><br><strong>-Investorenaufbereitung<\/strong><br><strong>-Strukturierte Investorenansprache im Netzwerk<\/strong><br><strong>-Wachstums- und Skalierungsstrategie<\/strong><\/p>\t\t\t\t\t\t\t\t<\/div>\n\t\t\t\t<\/div>\n\t\t\t\t\t<\/div>\n\t\t\t\t<\/div>\n\t\t\t\t<\/div>\n\t\t","protected":false},"excerpt":{"rendered":"<p>&#8211; Startup-Programm Strukturierte Vorbereitung f\u00fcr investitionsf\u00e4hige Start-ups Unser Startup-Programm richtet sich an Gr\u00fcnder und junge Unternehmen, die ihr Gesch\u00e4ftsmodell professionell strukturieren und investorenf\u00e4hig aufstellen m\u00f6chten. Der Schwerpunkt liegt auf der fundierten Pr\u00fcfung, Verbesserung und belastbaren Ausarbeitung von Businesspl\u00e4nen sowie auf realistischer Markt- und Finanzanalyse. Wir \u00fcbernehmen keine ungepr\u00fcften Konzepte. Jedes Projekt wird inhaltlich, wirtschaftlich und [&hellip;]<\/p>\n","protected":false},"author":1,"featured_media":0,"parent":0,"menu_order":0,"comment_status":"closed","ping_status":"closed","template":"","meta":{"_acf_changed":false,"_uag_custom_page_level_css":"","_monsterinsights_skip_tracking":false,"_monsterinsights_sitenote_active":false,"_monsterinsights_sitenote_note":"","_monsterinsights_sitenote_category":0,"footnotes":""},"class_list":["post-7055","page","type-page","status-publish","hentry"],"acf":[],"aioseo_notices":[],"_hostinger_reach_plugin_has_subscription_block":false,"_hostinger_reach_plugin_is_elementor":false,"uagb_featured_image_src":{"full":false,"thumbnail":false,"medium":false,"medium_large":false,"large":false,"1536x1536":false,"2048x2048":false,"woocommerce_thumbnail":false,"woocommerce_single":false,"woocommerce_gallery_thumbnail":false,"woosq":false},"uagb_author_info":{"display_name":"storzumgmbh@gmail.com","author_link":"https:\/\/storzum-invest.com\/de\/author\/storzumgmbhgmail-com\/"},"uagb_comment_info":0,"uagb_excerpt":"&#8211; Startup-Programm Strukturierte Vorbereitung f\u00fcr investitionsf\u00e4hige Start-ups Unser Startup-Programm richtet sich an Gr\u00fcnder und junge Unternehmen, die ihr Gesch\u00e4ftsmodell professionell strukturieren und investorenf\u00e4hig aufstellen m\u00f6chten. Der Schwerpunkt liegt auf der fundierten Pr\u00fcfung, Verbesserung und belastbaren Ausarbeitung von Businesspl\u00e4nen sowie auf realistischer Markt- und Finanzanalyse. Wir \u00fcbernehmen keine ungepr\u00fcften Konzepte. Jedes Projekt wird inhaltlich, wirtschaftlich und&hellip;","_links":{"self":[{"href":"https:\/\/storzum-invest.com\/de\/wp-json\/wp\/v2\/pages\/7055","targetHints":{"allow":["GET"]}}],"collection":[{"href":"https:\/\/storzum-invest.com\/de\/wp-json\/wp\/v2\/pages"}],"about":[{"href":"https:\/\/storzum-invest.com\/de\/wp-json\/wp\/v2\/types\/page"}],"author":[{"embeddable":true,"href":"https:\/\/storzum-invest.com\/de\/wp-json\/wp\/v2\/users\/1"}],"replies":[{"embeddable":true,"href":"https:\/\/storzum-invest.com\/de\/wp-json\/wp\/v2\/comments?post=7055"}],"version-history":[{"count":5,"href":"https:\/\/storzum-invest.com\/de\/wp-json\/wp\/v2\/pages\/7055\/revisions"}],"predecessor-version":[{"id":7353,"href":"https:\/\/storzum-invest.com\/de\/wp-json\/wp\/v2\/pages\/7055\/revisions\/7353"}],"wp:attachment":[{"href":"https:\/\/storzum-invest.com\/de\/wp-json\/wp\/v2\/media?parent=7055"}],"curies":[{"name":"wp","href":"https:\/\/api.w.org\/{rel}","templated":true}]}}