{"id":7059,"date":"2026-01-25T15:59:10","date_gmt":"2026-01-25T15:59:10","guid":{"rendered":"https:\/\/storzum-invest.com\/impressum\/"},"modified":"2026-02-02T21:35:23","modified_gmt":"2026-02-02T21:35:23","slug":"impressum","status":"publish","type":"page","link":"https:\/\/storzum-invest.com\/de\/impressum\/","title":{"rendered":"Impressum"},"content":{"rendered":"\t\t<div data-elementor-type=\"wp-page\" data-elementor-id=\"7059\" class=\"elementor elementor-7059 elementor-6869\">\n\t\t\t\t<div class=\"elementor-element elementor-element-41826e4 e-flex e-con-boxed e-con e-parent\" data-id=\"41826e4\" data-element_type=\"container\" data-e-type=\"container\">\n\t\t\t\t\t<div class=\"e-con-inner\">\n\t\t\t\t<div class=\"elementor-element elementor-element-3637fb8 elementor-widget elementor-widget-heading\" data-id=\"3637fb8\" data-element_type=\"widget\" data-e-type=\"widget\" data-widget_type=\"heading.default\">\n\t\t\t\t\t<h2 class=\"elementor-heading-title elementor-size-default\">- Impressum<\/h2>\t\t\t\t<\/div>\n\t\t\t\t<div class=\"elementor-element elementor-element-ed4f76b elementor-widget elementor-widget-text-editor\" data-id=\"ed4f76b\" data-element_type=\"widget\" data-e-type=\"widget\" data-widget_type=\"text-editor.default\">\n\t\t\t\t\t\t\t\t\t<p data-start=\"247\" data-end=\"304\"><strong>Angaben gem\u00e4\u00df \u00a7 5 TMG<\/strong><\/p><p data-start=\"306\" data-end=\"433\"><strong>Michael Storzum GmbH<\/strong><br data-start=\"183\" data-end=\"186\">Marktstra\u00dfe 35<br data-start=\"201\" data-end=\"204\">76829 Landau in der Pfalz<br data-start=\"229\" data-end=\"232\">Deutschland<\/p><p data-start=\"435\" data-end=\"494\"><strong data-start=\"435\" data-end=\"454\"><span style=\"text-decoration: underline;\">Vertreten durch den Gesch\u00e4ftsf\u00fchrer:<\/span><\/strong><br data-start=\"454\" data-end=\"457\">Michael Storzum<\/p><hr data-start=\"496\" data-end=\"499\"><p><strong><span style=\"text-decoration: underline;\">Kontakt:<\/span><\/strong><\/p><p><strong>E-Mail:<\/strong> office@storzum-invest.com<\/p><p><strong>Webseite:<\/strong> www.storzum-invest.com<\/p><p data-start=\"501\" data-end=\"527\"><strong><br><\/strong><\/p><hr data-start=\"611\" data-end=\"614\"><p data-start=\"750\" data-end=\"773\"><span style=\"text-decoration: underline;\"><strong>Handelsregister<\/strong><\/span><\/p><p data-start=\"775\" data-end=\"854\"><strong>Registergericht:<\/strong> Amtsgericht Landau<br data-start=\"812\" data-end=\"815\"><strong>Handelsregisternummer:<\/strong> HRB 32270<\/p><hr data-start=\"780\" data-end=\"783\"><p data-start=\"976\" data-end=\"1005\"><span style=\"text-decoration: underline;\"><strong>Umsatzsteuer-ID<\/strong><\/span><\/p><p data-start=\"1007\" data-end=\"1091\">Umsatzsteuer-Identifikationsnummer gem\u00e4\u00df \u00a7 27 a <strong>Umsatzsteuergeset<\/strong>z:<br data-start=\"1074\" data-end=\"1077\">DE 317066160<\/p><hr data-start=\"887\" data-end=\"890\"><p data-start=\"1213\" data-end=\"1270\"><span style=\"text-decoration: underline;\"><strong>Verantwortlich f\u00fcr den Inhalt nach \u00a7 18 Abs. 2 MStV <\/strong><\/span><\/p><p data-start=\"1272\" data-end=\"1345\">Michael Storzum<br data-start=\"1287\" data-end=\"1290\">Marktstra\u00dfe 35<br data-start=\"1305\" data-end=\"1308\">76829 Landau in der Pfalz<br data-start=\"1333\" data-end=\"1336\">Deutschland<\/p><hr data-start=\"1033\" data-end=\"1036\"><p data-start=\"1038\" data-end=\"1055\"><span style=\"text-decoration: underline;\"><strong>Haftung f\u00fcr Inhalte<\/strong><\/span><\/p><p data-start=\"1057\" data-end=\"1237\">Die Inhalte unserer Seiten wurden mit gr\u00f6\u00dfter Sorgfalt erstellt. F\u00fcr die Richtigkeit, Vollst\u00e4ndigkeit und Aktualit\u00e4t der Inhalte k\u00f6nnen wir jedoch keine Gew\u00e4hr \u00fcbernehmen. Als Diensteanbieter sind wir gem\u00e4\u00df \u00a7 7 Abs.1 TMG f\u00fcr eigene Inhalte auf diesen Seiten nach den allgemeinen Gesetzen verantwortlich. Nach \u00a7\u00a7 8 bis 10 TMG sind wir jedoch nicht verpflichtet, \u00fcbermittelte oder gespeicherte fremde Informationen zu \u00fcberwachen.    <\/p><p data-start=\"2446\" data-end=\"2459\"><span style=\"text-decoration: underline;\"><strong>Urheberrecht<\/strong><\/span><\/p><p data-start=\"2461\" data-end=\"2689\">Die durch den Seitenbetreiber erstellten Inhalte und Werke auf diesen Seiten unterliegen dem deutschen Urheberrecht. Vervielf\u00e4ltigung, Bearbeitung und Verwertung au\u00dferhalb der Grenzen des Urheberrechts bed\u00fcrfen der schriftlichen Zustimmung des jeweiligen Autors. <\/p><p data-start=\"2100\" data-end=\"2246\"> <\/p>\t\t\t\t\t\t\t\t<\/div>\n\t\t\t\t\t<\/div>\n\t\t\t\t<\/div>\n\t\t\t\t<\/div>\n\t\t","protected":false},"excerpt":{"rendered":"<p>&#8211; Impressum Angaben gem\u00e4\u00df \u00a7 5 TMG Michael Storzum GmbHMarktstra\u00dfe 3576829 Landau in der PfalzDeutschland Vertreten durch den Gesch\u00e4ftsf\u00fchrer:Michael Storzum Kontakt: E-Mail: office@storzum-invest.com Webseite: www.storzum-invest.com Handelsregister Registergericht: Amtsgericht LandauHandelsregisternummer: HRB 32270 Umsatzsteuer-ID Umsatzsteuer-Identifikationsnummer gem\u00e4\u00df \u00a7 27 a Umsatzsteuergesetz:DE 317066160 Verantwortlich f\u00fcr den Inhalt nach \u00a7 18 Abs. 2 MStV Michael StorzumMarktstra\u00dfe 3576829 Landau in der [&hellip;]<\/p>\n","protected":false},"author":1,"featured_media":0,"parent":0,"menu_order":0,"comment_status":"closed","ping_status":"open","template":"","meta":{"_acf_changed":false,"_uag_custom_page_level_css":"","_monsterinsights_skip_tracking":false,"_monsterinsights_sitenote_active":false,"_monsterinsights_sitenote_note":"","_monsterinsights_sitenote_category":0,"footnotes":""},"class_list":["post-7059","page","type-page","status-publish","hentry"],"acf":[],"aioseo_notices":[],"_hostinger_reach_plugin_has_subscription_block":false,"_hostinger_reach_plugin_is_elementor":false,"uagb_featured_image_src":{"full":false,"thumbnail":false,"medium":false,"medium_large":false,"large":false,"1536x1536":false,"2048x2048":false,"woocommerce_thumbnail":false,"woocommerce_single":false,"woocommerce_gallery_thumbnail":false,"woosq":false},"uagb_author_info":{"display_name":"storzumgmbh@gmail.com","author_link":"https:\/\/storzum-invest.com\/de\/author\/storzumgmbhgmail-com\/"},"uagb_comment_info":0,"uagb_excerpt":"&#8211; Impressum Angaben gem\u00e4\u00df \u00a7 5 TMG Michael Storzum GmbHMarktstra\u00dfe 3576829 Landau in der PfalzDeutschland Vertreten durch den Gesch\u00e4ftsf\u00fchrer:Michael Storzum Kontakt: E-Mail: office@storzum-invest.com Webseite: www.storzum-invest.com Handelsregister Registergericht: Amtsgericht LandauHandelsregisternummer: HRB 32270 Umsatzsteuer-ID Umsatzsteuer-Identifikationsnummer gem\u00e4\u00df \u00a7 27 a Umsatzsteuergesetz:DE 317066160 Verantwortlich f\u00fcr den Inhalt nach \u00a7 18 Abs. 2 MStV Michael StorzumMarktstra\u00dfe 3576829 Landau in der&hellip;","_links":{"self":[{"href":"https:\/\/storzum-invest.com\/de\/wp-json\/wp\/v2\/pages\/7059","targetHints":{"allow":["GET"]}}],"collection":[{"href":"https:\/\/storzum-invest.com\/de\/wp-json\/wp\/v2\/pages"}],"about":[{"href":"https:\/\/storzum-invest.com\/de\/wp-json\/wp\/v2\/types\/page"}],"author":[{"embeddable":true,"href":"https:\/\/storzum-invest.com\/de\/wp-json\/wp\/v2\/users\/1"}],"replies":[{"embeddable":true,"href":"https:\/\/storzum-invest.com\/de\/wp-json\/wp\/v2\/comments?post=7059"}],"version-history":[{"count":4,"href":"https:\/\/storzum-invest.com\/de\/wp-json\/wp\/v2\/pages\/7059\/revisions"}],"predecessor-version":[{"id":7395,"href":"https:\/\/storzum-invest.com\/de\/wp-json\/wp\/v2\/pages\/7059\/revisions\/7395"}],"wp:attachment":[{"href":"https:\/\/storzum-invest.com\/de\/wp-json\/wp\/v2\/media?parent=7059"}],"curies":[{"name":"wp","href":"https:\/\/api.w.org\/{rel}","templated":true}]}}