{"id":7187,"date":"2025-04-17T03:54:58","date_gmt":"2025-04-17T03:54:58","guid":{"rendered":"https:\/\/storzum-invest.com\/teamdetails\/"},"modified":"2026-02-02T21:43:41","modified_gmt":"2026-02-02T21:43:41","slug":"teamdetails","status":"publish","type":"page","link":"https:\/\/storzum-invest.com\/de\/teamdetails\/","title":{"rendered":"Teamdetails"},"content":{"rendered":"\t\t<div data-elementor-type=\"wp-page\" data-elementor-id=\"7187\" class=\"elementor elementor-7187 elementor-392\">\n\t\t\t\t<div class=\"elementor-element elementor-element-522b014 e-flex e-con-boxed e-con e-parent\" data-id=\"522b014\" data-element_type=\"container\" data-e-type=\"container\">\n\t\t\t\t\t<div class=\"e-con-inner\">\n\t\t<div class=\"elementor-element elementor-element-b7069f9 e-con-full e-flex e-con e-child\" data-id=\"b7069f9\" data-element_type=\"container\" data-e-type=\"container\">\n\t\t\t\t<div class=\"elementor-element elementor-element-ef32dce elementor-widget elementor-widget-image\" data-id=\"ef32dce\" data-element_type=\"widget\" data-e-type=\"widget\" data-widget_type=\"image.default\">\n\t\t\t\t\t\t\t\t\t\t\t\t\t\t\t<img decoding=\"async\" width=\"180\" height=\"180\" src=\"https:\/\/storzum-invest.com\/wp-content\/uploads\/2025\/05\/h4-hero-shape-1.svg\" class=\"attachment-large size-large wp-image-2066\" alt=\"\" \/>\t\t\t\t\t\t\t\t\t\t\t\t\t\t\t<\/div>\n\t\t\t\t<div class=\"elementor-element elementor-element-8c1e02b elementor-widget elementor-widget-image\" data-id=\"8c1e02b\" data-element_type=\"widget\" data-e-type=\"widget\" data-widget_type=\"image.default\">\n\t\t\t\t\t\t\t\t\t\t\t\t\t\t\t<img fetchpriority=\"high\" decoding=\"async\" width=\"701\" height=\"1024\" src=\"https:\/\/storzum-invest.com\/wp-content\/uploads\/2026\/01\/760-701x1024.jpg\" class=\"attachment-large size-large wp-image-7191\" alt=\"\" srcset=\"https:\/\/storzum-invest.com\/wp-content\/uploads\/2026\/01\/760-701x1024.jpg 701w, https:\/\/storzum-invest.com\/wp-content\/uploads\/2026\/01\/760-205x300.jpg 205w, https:\/\/storzum-invest.com\/wp-content\/uploads\/2026\/01\/760-768x1122.jpg 768w, https:\/\/storzum-invest.com\/wp-content\/uploads\/2026\/01\/760-600x877.jpg 600w, https:\/\/storzum-invest.com\/wp-content\/uploads\/2026\/01\/760.jpg 832w\" sizes=\"(max-width: 701px) 100vw, 701px\" \/>\t\t\t\t\t\t\t\t\t\t\t\t\t\t\t<\/div>\n\t\t\t\t<div class=\"elementor-element elementor-element-80ec503 elementor-widget elementor-widget-image\" data-id=\"80ec503\" data-element_type=\"widget\" data-e-type=\"widget\" data-widget_type=\"image.default\">\n\t\t\t\t\t\t\t\t\t\t\t\t\t\t\t<img decoding=\"async\" width=\"180\" height=\"180\" src=\"https:\/\/storzum-invest.com\/wp-content\/uploads\/2025\/05\/h4-hero-shape-1.svg\" class=\"attachment-large size-large wp-image-2066\" alt=\"\" \/>\t\t\t\t\t\t\t\t\t\t\t\t\t\t\t<\/div>\n\t\t\t\t<\/div>\n\t\t<div class=\"elementor-element elementor-element-ae5f1b1 e-con-full e-flex e-con e-child\" data-id=\"ae5f1b1\" data-element_type=\"container\" data-e-type=\"container\">\n\t\t<div class=\"elementor-element elementor-element-c583ea8 e-con-full e-flex e-con e-child\" data-id=\"c583ea8\" data-element_type=\"container\" data-e-type=\"container\">\n\t\t\t\t<div class=\"elementor-element elementor-element-f1e38e4 elementor-widget elementor-widget-tj-heading\" data-id=\"f1e38e4\" data-element_type=\"widget\" data-e-type=\"widget\" data-widget_type=\"tj-heading.default\">\n\t\t\t\t<div class=\"elementor-widget-container\">\n\t\t\t\t\t    <div class=\"tj_heading text-anim\">\n      <h2 class=\"title\">Informationen zu Eigentumsverh\u00e4ltnissen und Unternehmen<\/h2>    <\/div>\n\t\t\t\t<\/div>\n\t\t\t\t<\/div>\n\t\t\t\t<div class=\"elementor-element elementor-element-04c61c5 elementor-widget elementor-widget-tj-heading\" data-id=\"04c61c5\" data-element_type=\"widget\" data-e-type=\"widget\" data-widget_type=\"tj-heading.default\">\n\t\t\t\t<div class=\"elementor-widget-container\">\n\t\t\t\t\t    <div class=\"tj_heading text-anim\">\n      <h3 class=\"title\">Michael Storzum<\/h3>    <\/div>\n\t\t\t\t<\/div>\n\t\t\t\t<\/div>\n\t\t\t\t<div class=\"elementor-element elementor-element-71a486b elementor-widget elementor-widget-tj-text\" data-id=\"71a486b\" data-element_type=\"widget\" data-e-type=\"widget\" data-widget_type=\"tj-text.default\">\n\t\t\t\t<div class=\"elementor-widget-container\">\n\t\t\t\t\t      <div class=\"editor_text\"><p>Mitbegr\u00fcnder <\/p><\/div>\n\t\t\t\t<\/div>\n\t\t\t\t<\/div>\n\t\t\t\t<div class=\"elementor-element elementor-element-675f9a1 elementor-widget-divider--view-line elementor-widget elementor-widget-divider\" data-id=\"675f9a1\" data-element_type=\"widget\" data-e-type=\"widget\" data-widget_type=\"divider.default\">\n\t\t\t\t\t\t\t<div class=\"elementor-divider\">\n\t\t\t<span class=\"elementor-divider-separator\">\n\t\t\t\t\t\t<\/span>\n\t\t<\/div>\n\t\t\t\t\t\t<\/div>\n\t\t\t\t<div class=\"elementor-element elementor-element-dd7d3a2 elementor-widget elementor-widget-tj-text\" data-id=\"dd7d3a2\" data-element_type=\"widget\" data-e-type=\"widget\" data-widget_type=\"tj-text.default\">\n\t\t\t\t<div class=\"elementor-widget-container\">\n\t\t\t\t\t      <div data-wow-delay=\"0.3s\" class=\"editor_text wow fadeInUp\"><p><strong>\u00dcber Michael Storzum &amp; Michael Storzum GmbH<\/strong><\/p><p>Michael Storzum ist Unternehmer, Gr\u00fcnder und strategischer Kopf hinter der <strong>Michael Storzum GmbH<\/strong> \u2014 einem Beratungs- und Unterst\u00fctzungsunternehmen f\u00fcr Start-ups, Gr\u00fcnder und wachstumsorientierte Unternehmen.<\/p><p> <\/p><p>Mit einer tiefen Leidenschaft f\u00fcr Innovation, wirtschaftliche Entwicklung und zukunftsweisende Gesch\u00e4ftsmodelle begleitet Michael Storzum junge Unternehmen auf ihrem Weg zu einem stabilen, skalierbaren und investorentauglichen Gesch\u00e4ft. Sein Ansatz verbindet strategische Planung, operatives Know-how und ein breites Netzwerk aus Investoren und Experten<\/p><p>Zu Beginn dieses Jahres wurde das Unternehmen vollst\u00e4ndig neu strukturiert und strategisch neu ausgerichtet. Hintergrund dieser Neugestaltung ist der Einstieg eines Investors, der dem Unternehmen zus\u00e4tzliche finanzielle und operative Sicherheit gegeben hat. Dadurch wurde die Basis geschaffen, das Gesch\u00e4ft auf ein noch professionelleres Niveau zu heben, interne Prozesse zu optimieren und die Betreuung von Projekten sowie Mandanten deutlich auszubauen.<\/p><p> <\/p><p>Zu Beginn dieses Jahres wurde das Unternehmen vollst\u00e4ndig neu strukturiert und strategisch neu ausgerichtet.<\/p><p>Hintergrund dieser Neugestaltung ist der Einstieg eines Investors, der dem Unternehmen zus\u00e4tzliche finanzielle und operative Sicherheit gegeben hat. Dadurch wurde die Basis geschaffen, das Gesch\u00e4ft auf ein noch professionelleres Niveau zu heben, interne Prozesse zu optimieren und die Betreuung von Projekten sowie Mandanten deutlich auszubauen. <\/p><p> <\/p><p>Heute arbeitet die Michael Storzum GmbH mit klar definierten Strukturen, professionellen Standards und einem verst\u00e4rkten Fokus auf nachhaltige Investorenf\u00e4higkeit und langfristige Projektentwicklung.<\/p><\/div>\n\t\t\t\t<\/div>\n\t\t\t\t<\/div>\n\t\t\t\t<\/div>\n\t\t\t\t<\/div>\n\t\t\t\t\t<\/div>\n\t\t\t\t<\/div>\n\t\t<div class=\"elementor-element elementor-element-b1ec394 e-flex e-con-boxed e-con e-parent\" data-id=\"b1ec394\" data-element_type=\"container\" data-e-type=\"container\">\n\t\t\t\t\t<div class=\"e-con-inner\">\n\t\t\t\t<div class=\"elementor-element elementor-element-d9c4cb9 elementor-widget-divider--view-line elementor-widget elementor-widget-divider\" data-id=\"d9c4cb9\" data-element_type=\"widget\" data-e-type=\"widget\" data-widget_type=\"divider.default\">\n\t\t\t\t\t\t\t<div class=\"elementor-divider\">\n\t\t\t<span class=\"elementor-divider-separator\">\n\t\t\t\t\t\t<\/span>\n\t\t<\/div>\n\t\t\t\t\t\t<\/div>\n\t\t\t\t\t<\/div>\n\t\t\t\t<\/div>\n\t\t<div class=\"elementor-element elementor-element-e680de4 e-flex e-con-boxed e-con e-parent\" data-id=\"e680de4\" data-element_type=\"container\" data-e-type=\"container\">\n\t\t\t\t\t<div class=\"e-con-inner\">\n\t\t<div class=\"elementor-element elementor-element-9efdfe7 e-con-full e-flex e-con e-child\" data-id=\"9efdfe7\" data-element_type=\"container\" data-e-type=\"container\">\n\t\t\t\t<div class=\"elementor-element elementor-element-c5c0806 elementor-widget elementor-widget-image\" data-id=\"c5c0806\" data-element_type=\"widget\" data-e-type=\"widget\" data-widget_type=\"image.default\">\n\t\t\t\t\t\t\t\t\t\t\t\t\t\t\t<img decoding=\"async\" width=\"180\" height=\"180\" src=\"https:\/\/storzum-invest.com\/wp-content\/uploads\/2025\/05\/h4-hero-shape-1.svg\" class=\"attachment-large size-large wp-image-2066\" alt=\"\" \/>\t\t\t\t\t\t\t\t\t\t\t\t\t\t\t<\/div>\n\t\t\t\t<div class=\"elementor-element elementor-element-e6f0c58 elementor-widget elementor-widget-image\" data-id=\"e6f0c58\" data-element_type=\"widget\" data-e-type=\"widget\" data-widget_type=\"image.default\">\n\t\t\t\t\t\t\t\t\t\t\t\t\t\t\t<img decoding=\"async\" width=\"683\" height=\"1024\" src=\"https:\/\/storzum-invest.com\/wp-content\/uploads\/2026\/01\/matthew-hamilton-fIywSGHYLYM-unsplash-683x1024.jpg\" class=\"attachment-large size-large wp-image-7030\" alt=\"\" srcset=\"https:\/\/storzum-invest.com\/wp-content\/uploads\/2026\/01\/matthew-hamilton-fIywSGHYLYM-unsplash-683x1024.jpg 683w, https:\/\/storzum-invest.com\/wp-content\/uploads\/2026\/01\/matthew-hamilton-fIywSGHYLYM-unsplash-200x300.jpg 200w, https:\/\/storzum-invest.com\/wp-content\/uploads\/2026\/01\/matthew-hamilton-fIywSGHYLYM-unsplash-768x1152.jpg 768w, https:\/\/storzum-invest.com\/wp-content\/uploads\/2026\/01\/matthew-hamilton-fIywSGHYLYM-unsplash-1024x1536.jpg 1024w, https:\/\/storzum-invest.com\/wp-content\/uploads\/2026\/01\/matthew-hamilton-fIywSGHYLYM-unsplash-1365x2048.jpg 1365w, https:\/\/storzum-invest.com\/wp-content\/uploads\/2026\/01\/matthew-hamilton-fIywSGHYLYM-unsplash-600x900.jpg 600w, https:\/\/storzum-invest.com\/wp-content\/uploads\/2026\/01\/matthew-hamilton-fIywSGHYLYM-unsplash-scaled.jpg 1707w\" sizes=\"(max-width: 683px) 100vw, 683px\" \/>\t\t\t\t\t\t\t\t\t\t\t\t\t\t\t<\/div>\n\t\t\t\t<div class=\"elementor-element elementor-element-7f38e58 elementor-widget elementor-widget-image\" data-id=\"7f38e58\" data-element_type=\"widget\" data-e-type=\"widget\" data-widget_type=\"image.default\">\n\t\t\t\t\t\t\t\t\t\t\t\t\t\t\t<img loading=\"lazy\" decoding=\"async\" width=\"560\" height=\"427\" src=\"https:\/\/storzum-invest.com\/wp-content\/uploads\/2026\/01\/SW.png\" class=\"attachment-large size-large wp-image-6702\" alt=\"\" srcset=\"https:\/\/storzum-invest.com\/wp-content\/uploads\/2026\/01\/SW.png 560w, https:\/\/storzum-invest.com\/wp-content\/uploads\/2026\/01\/SW-300x229.png 300w\" sizes=\"(max-width: 560px) 100vw, 560px\" \/>\t\t\t\t\t\t\t\t\t\t\t\t\t\t\t<\/div>\n\t\t\t\t<\/div>\n\t\t<div class=\"elementor-element elementor-element-fbe7de4 e-con-full e-flex e-con e-child\" data-id=\"fbe7de4\" data-element_type=\"container\" data-e-type=\"container\">\n\t\t<div class=\"elementor-element elementor-element-fc632a3 e-con-full e-flex e-con e-child\" data-id=\"fc632a3\" data-element_type=\"container\" data-e-type=\"container\">\n\t\t<div class=\"elementor-element elementor-element-4307e53 e-flex e-con-boxed e-con e-child\" data-id=\"4307e53\" data-element_type=\"container\" data-e-type=\"container\">\n\t\t\t\t\t<div class=\"e-con-inner\">\n\t\t\t\t<div class=\"elementor-element elementor-element-ede4b0a elementor-widget elementor-widget-tj-heading\" data-id=\"ede4b0a\" data-element_type=\"widget\" data-e-type=\"widget\" data-widget_type=\"tj-heading.default\">\n\t\t\t\t<div class=\"elementor-widget-container\">\n\t\t\t\t\t    <div class=\"tj_heading text-anim\">\n      <h2 class=\"title\">\u00dcber unseren strategischen Investor<\/h2>    <\/div>\n\t\t\t\t<\/div>\n\t\t\t\t<\/div>\n\t\t\t\t<div class=\"elementor-element elementor-element-aecaad7 elementor-widget-divider--view-line elementor-widget elementor-widget-divider\" data-id=\"aecaad7\" data-element_type=\"widget\" data-e-type=\"widget\" data-widget_type=\"divider.default\">\n\t\t\t\t\t\t\t<div class=\"elementor-divider\">\n\t\t\t<span class=\"elementor-divider-separator\">\n\t\t\t\t\t\t<\/span>\n\t\t<\/div>\n\t\t\t\t\t\t<\/div>\n\t\t\t\t<div class=\"elementor-element elementor-element-0478acb elementor-widget elementor-widget-spacer\" data-id=\"0478acb\" data-element_type=\"widget\" data-e-type=\"widget\" data-widget_type=\"spacer.default\">\n\t\t\t\t\t\t\t<div class=\"elementor-spacer\">\n\t\t\t<div class=\"elementor-spacer-inner\"><\/div>\n\t\t<\/div>\n\t\t\t\t\t\t<\/div>\n\t\t\t\t<div class=\"elementor-element elementor-element-02037c3 elementor-widget elementor-widget-tj-text\" data-id=\"02037c3\" data-element_type=\"widget\" data-e-type=\"widget\" data-widget_type=\"tj-text.default\">\n\t\t\t\t<div class=\"elementor-widget-container\">\n\t\t\t\t\t      <div data-wow-delay=\"0.3s\" class=\"editor_text wow fadeInUp\"><div><p>Hinter der aktuellen Neuausrichtung und Stabilisierung der Unternehmensstruktur steht ein erfahrener strategischer Investor mit jahrzehntelanger unternehmerischer Praxis. Auf eigenen Wunsch tritt er nicht \u00f6ffentlich in Erscheinung und begleitet Projekte diskret im Hintergrund.<\/p><\/div><div><p>Der Investor verf\u00fcgt \u00fcber eine mehr als vier Jahrzehnte lange Karriere in der Finanzierung und Entwicklung von Unternehmens- und Immobilienprojekten. Im Laufe seiner beruflichen Laufbahn wurden \u00fcber 3.000 Businesspl\u00e4ne analysiert, strukturiert und mitentwickelt \u2014 ein Erfahrungsschatz, der heute gezielt in neue Wachstumsprojekte eingebracht wird. <\/p><\/div><div>Sein Investitionsansatz ist bewusst chancenorientiert: Fortschritt entsteht dort, wo kalkulierte Risiken getragen werden. Diese Haltung hat zahlreiche erfolgreiche Beteiligungen erm\u00f6glicht und bildet die Grundlage seiner heutigen Investmentphilosophie.  <\/div><div><div>Der Schwerpunkt liegt auf:<br><br><\/div><div>-F\u00f6rderung junger Unternehmen und Gr\u00fcnder<br>-Aufbau tragf\u00e4higer Gesch\u00e4ftsmodelle<br>-St\u00e4rkung der Finanzierungsf\u00e4higkeit gegen\u00fcber Banken<br>-Entwicklung nachhaltiger Unternehmensstrukturen<br>-langfristiger Projektbegleitung statt kurzfristiger Beteiligungen<br><br><\/div><div>Der Investor ist in der Schweiz ans\u00e4ssig und hat \u00fcber viele Jahre hinweg vor allem in Immobilien- und Strukturprojekte investiert. Heute liegt sein besonderer Fokus auf der Unterst\u00fctzung neuer Unternehmergenerationen \u2014 mit dem Ziel, Innovation, Verantwortung und wirtschaftliche St\u00e4rke zu verbinden. <br><br><\/div><div>Leitsatz:<br>Verm\u00f6gen ist Freiheit. Erfolg ist Macht<\/div><\/div><\/div>\n\t\t\t\t<\/div>\n\t\t\t\t<\/div>\n\t\t\t\t\t<\/div>\n\t\t\t\t<\/div>\n\t\t\t\t<\/div>\n\t\t\t\t<\/div>\n\t\t\t\t\t<\/div>\n\t\t\t\t<\/div>\n\t\t<div class=\"elementor-element elementor-element-8958269 section-bottom-space e-flex e-con-boxed e-con e-parent\" data-id=\"8958269\" data-element_type=\"container\" data-e-type=\"container\">\n\t\t\t\t\t<div class=\"e-con-inner\">\n\t\t<div class=\"elementor-element elementor-element-716fdf6 e-con-full e-flex e-con e-child\" data-id=\"716fdf6\" data-element_type=\"container\" data-e-type=\"container\" data-settings=\"{&quot;background_background&quot;:&quot;classic&quot;}\">\n\t\t<div class=\"elementor-element elementor-element-fdb41f2 e-con-full e-flex e-con e-child\" data-id=\"fdb41f2\" data-element_type=\"container\" data-e-type=\"container\">\n\t\t\t\t<div class=\"elementor-element elementor-element-faa60ad tj_section_align elementor-align-start elementor-widget elementor-widget-tj-title\" data-id=\"faa60ad\" data-element_type=\"widget\" data-e-type=\"widget\" data-widget_type=\"tj-title.default\">\n\t\t\t\t<div class=\"elementor-widget-container\">\n\t\t\t\t\t\n<div class=\"sec-heading\">\n\n      <span data-wow-delay=\"0.1s\" class=\"sub-title wow fadeInUp\">\n      KONTAKTIEREN SIE UNS    <\/span>\n  \n  <h2 class=\"sec-title text-anim\">Lassen Sie uns weiter diskutieren, um bessere Ergebnisse zu erzielen<\/h2>\n      <div data-wow-delay=\"0.3s\" class=\"desc wow fadeInUp\">\n      Unsere Mission ist es, Unternehmen aller Gr\u00f6\u00dfen zu bef\u00e4higen, in einem sich st\u00e4ndig ver\u00e4ndernden Gesch\u00e4ftsumfeld erfolgreich zu sein. Im heutigen dynamischen Gesch\u00e4ftsumfeld liegt der Schl\u00fcssel zum Erfolg.     <\/div>\n  <\/div>\n\n\t\t\t\t<\/div>\n\t\t\t\t<\/div>\n\t\t\t\t<\/div>\n\t\t<div class=\"elementor-element elementor-element-d92b299 e-con-full e-flex e-con e-child\" data-id=\"d92b299\" data-element_type=\"container\" data-e-type=\"container\">\n\t\t\t\t<div class=\"elementor-element elementor-element-5e8c7c5 elementor-widget elementor-widget-tj-form\" data-id=\"5e8c7c5\" data-element_type=\"widget\" data-e-type=\"widget\" data-widget_type=\"tj-form.default\">\n\t\t\t\t<div class=\"elementor-widget-container\">\n\t\t\t\t\t\n<div class=\"tj-form contact-team-details__form ps-0\">\n      \n<div class=\"wpcf7 no-js\" id=\"wpcf7-f1006-o1\" lang=\"en-US\" dir=\"ltr\" data-wpcf7-id=\"1006\">\n<div class=\"screen-reader-response\"><p role=\"status\" aria-live=\"polite\" aria-atomic=\"true\"><\/p> <ul><\/ul><\/div>\n<form action=\"\/de\/wp-json\/wp\/v2\/pages\/7187#wpcf7-f1006-o1\" method=\"post\" class=\"wpcf7-form init\" aria-label=\"Contact form\" novalidate=\"novalidate\" data-status=\"init\">\n<fieldset class=\"hidden-fields-container\"><input type=\"hidden\" name=\"_wpcf7\" value=\"1006\" \/><input type=\"hidden\" name=\"_wpcf7_version\" value=\"6.1.4\" \/><input type=\"hidden\" name=\"_wpcf7_locale\" value=\"en_US\" \/><input type=\"hidden\" name=\"_wpcf7_unit_tag\" value=\"wpcf7-f1006-o1\" \/><input type=\"hidden\" name=\"_wpcf7_container_post\" value=\"0\" \/><input type=\"hidden\" name=\"_wpcf7_posted_data_hash\" value=\"\" \/>\n<\/fieldset>\n<div class=\"tj-input__wrapper\">\n    <span class=\"wpcf7-form-control-wrap\" data-name=\"sv_name\"><input size=\"40\" maxlength=\"400\" class=\"wpcf7-form-control wpcf7-text tj-input\" aria-invalid=\"false\" placeholder=\"Full name*\" value=\"\" type=\"text\" name=\"sv_name\" \/><\/span>\n  <\/div>\n  <div class=\"tj-input__wrapper\">\n    <span class=\"wpcf7-form-control-wrap\" data-name=\"sv_email\"><input size=\"40\" maxlength=\"400\" class=\"wpcf7-form-control wpcf7-email wpcf7-text wpcf7-validates-as-email tj-input\" aria-invalid=\"false\" value=\"Email address*\" type=\"email\" name=\"sv_email\" \/><\/span>\n  <\/div>\n  <div class=\"tj-input__wrapper\">\n    <span class=\"wpcf7-form-control-wrap\" data-name=\"sv_phone\"><input size=\"40\" maxlength=\"400\" class=\"wpcf7-form-control wpcf7-tel wpcf7-text wpcf7-validates-as-tel tj-input\" aria-invalid=\"false\" placeholder=\"Phone number*\" value=\"\" type=\"tel\" name=\"sv_phone\" \/><\/span>\n  <\/div>\n  <div class=\"tj-input__wrapper\">\n    <span class=\"wpcf7-form-control-wrap\" data-name=\"sv_select\"><select class=\"wpcf7-form-control wpcf7-select tj-nice-select tj-input\" aria-invalid=\"false\" name=\"sv_select\"><option value=\"Choose an option\">Choose an option<\/option><option value=\"Digital marketing\">Digital marketing<\/option><option value=\"Business solution\">Business solution<\/option><option value=\"Business consulting\">Business consulting<\/option><option value=\"Business agency\">Business agency<\/option><option value=\"Web solutions\">Web solutions<\/option><\/select><\/span>\n  <\/div>\n  <div class=\"tj-input__wrapper tj-input__wrapper--message\">\n    <span class=\"wpcf7-form-control-wrap\" data-name=\"sv_message\"><textarea cols=\"40\" rows=\"10\" maxlength=\"2000\" class=\"wpcf7-form-control wpcf7-textarea tj-input\" aria-invalid=\"false\" placeholder=\"Type your message\" name=\"sv_message\"><\/textarea><\/span>\n  <\/div>\n  <div class=\"tj-form__btn\">\n    <button type=\"submit\" class=\"tj-primary-btn\">\n      <span class=\"btn_inner\">\n        <span class=\"btn_icon\">\n          <span>\n            <i class=\"tji-arrow-right\"><\/i>\n            <i class=\"tji-arrow-right\"><\/i>\n          <\/span>\n        <\/span>\n        <span class=\"btn_text\">\n          <span>Send message<\/span>\n        <\/span>\n      <\/span>\n    <\/button>\n  <\/div><div class=\"wpcf7-response-output\" aria-hidden=\"true\"><\/div>\n<\/form>\n<\/div>\n  <\/div>\n\n\t\t\t\t<\/div>\n\t\t\t\t<\/div>\n\t\t\t\t<\/div>\n\t\t\t\t<\/div>\n\t\t\t\t\t<\/div>\n\t\t\t\t<\/div>\n\t\t\t\t<\/div>\n\t\t","protected":false},"excerpt":{"rendered":"<p>Informationen zu Eigentumsverh\u00e4ltnissen und Unternehmen Michael Storzum Mitbegr\u00fcnder \u00dcber Michael Storzum &amp; Michael Storzum GmbH Michael Storzum ist Unternehmer, Gr\u00fcnder und strategischer Kopf hinter der Michael Storzum GmbH \u2014 einem Beratungs- und Unterst\u00fctzungsunternehmen f\u00fcr Start-ups, Gr\u00fcnder und wachstumsorientierte Unternehmen. Mit einer tiefen Leidenschaft f\u00fcr Innovation, wirtschaftliche Entwicklung und zukunftsweisende Gesch\u00e4ftsmodelle begleitet Michael Storzum junge Unternehmen [&hellip;]<\/p>\n","protected":false},"author":1,"featured_media":0,"parent":0,"menu_order":0,"comment_status":"closed","ping_status":"closed","template":"elementor_header_footer","meta":{"_acf_changed":false,"_uag_custom_page_level_css":"","_monsterinsights_skip_tracking":false,"_monsterinsights_sitenote_active":false,"_monsterinsights_sitenote_note":"","_monsterinsights_sitenote_category":0,"footnotes":""},"class_list":["post-7187","page","type-page","status-publish","hentry"],"acf":[],"aioseo_notices":[],"_hostinger_reach_plugin_has_subscription_block":false,"_hostinger_reach_plugin_is_elementor":false,"uagb_featured_image_src":{"full":false,"thumbnail":false,"medium":false,"medium_large":false,"large":false,"1536x1536":false,"2048x2048":false,"woocommerce_thumbnail":false,"woocommerce_single":false,"woocommerce_gallery_thumbnail":false,"woosq":false},"uagb_author_info":{"display_name":"storzumgmbh@gmail.com","author_link":"https:\/\/storzum-invest.com\/de\/author\/storzumgmbhgmail-com\/"},"uagb_comment_info":0,"uagb_excerpt":"Informationen zu Eigentumsverh\u00e4ltnissen und Unternehmen Michael Storzum Mitbegr\u00fcnder \u00dcber Michael Storzum &amp; Michael Storzum GmbH Michael Storzum ist Unternehmer, Gr\u00fcnder und strategischer Kopf hinter der Michael Storzum GmbH \u2014 einem Beratungs- und Unterst\u00fctzungsunternehmen f\u00fcr Start-ups, Gr\u00fcnder und wachstumsorientierte Unternehmen. Mit einer tiefen Leidenschaft f\u00fcr Innovation, wirtschaftliche Entwicklung und zukunftsweisende Gesch\u00e4ftsmodelle begleitet Michael Storzum junge Unternehmen&hellip;","_links":{"self":[{"href":"https:\/\/storzum-invest.com\/de\/wp-json\/wp\/v2\/pages\/7187","targetHints":{"allow":["GET"]}}],"collection":[{"href":"https:\/\/storzum-invest.com\/de\/wp-json\/wp\/v2\/pages"}],"about":[{"href":"https:\/\/storzum-invest.com\/de\/wp-json\/wp\/v2\/types\/page"}],"author":[{"embeddable":true,"href":"https:\/\/storzum-invest.com\/de\/wp-json\/wp\/v2\/users\/1"}],"replies":[{"embeddable":true,"href":"https:\/\/storzum-invest.com\/de\/wp-json\/wp\/v2\/comments?post=7187"}],"version-history":[{"count":5,"href":"https:\/\/storzum-invest.com\/de\/wp-json\/wp\/v2\/pages\/7187\/revisions"}],"predecessor-version":[{"id":7402,"href":"https:\/\/storzum-invest.com\/de\/wp-json\/wp\/v2\/pages\/7187\/revisions\/7402"}],"wp:attachment":[{"href":"https:\/\/storzum-invest.com\/de\/wp-json\/wp\/v2\/media?parent=7187"}],"curies":[{"name":"wp","href":"https:\/\/api.w.org\/{rel}","templated":true}]}}